{"id":541,"date":"2025-09-01T12:42:00","date_gmt":"2025-09-01T12:42:00","guid":{"rendered":"http:\/\/lamagiedudesert.com\/?page_id=541"},"modified":"2025-09-06T10:09:13","modified_gmt":"2025-09-06T10:09:13","slug":"treks-longs","status":"publish","type":"page","link":"https:\/\/lamagiedudesert.com\/index.php\/treks-longs\/","title":{"rendered":"Treks longs"},"content":{"rendered":"\n<p class=\"has-text-align-center has-large-font-size\">~ Id\u00e9al pour se d\u00e9connecter ~<\/p>\n\n\n\n<div class=\"wp-block-columns is-layout-flex wp-container-core-columns-is-layout-28f84493 wp-block-columns-is-layout-flex\">\n<div class=\"wp-block-column is-layout-flow wp-block-column-is-layout-flow\">\n<figure class=\"wp-block-image size-large\"><img loading=\"lazy\" decoding=\"async\" width=\"1024\" height=\"683\" src=\"http:\/\/lamagiedudesert.com\/wp-content\/uploads\/2025\/09\/WhatsApp-Image-2025-09-01-at-15.35.26-1024x683.jpeg\" alt=\"\" class=\"wp-image-656\" srcset=\"https:\/\/lamagiedudesert.com\/wp-content\/uploads\/2025\/09\/WhatsApp-Image-2025-09-01-at-15.35.26-1024x683.jpeg 1024w, https:\/\/lamagiedudesert.com\/wp-content\/uploads\/2025\/09\/WhatsApp-Image-2025-09-01-at-15.35.26-300x200.jpeg 300w, https:\/\/lamagiedudesert.com\/wp-content\/uploads\/2025\/09\/WhatsApp-Image-2025-09-01-at-15.35.26-600x400.jpeg 600w, https:\/\/lamagiedudesert.com\/wp-content\/uploads\/2025\/09\/WhatsApp-Image-2025-09-01-at-15.35.26.jpeg 1050w\" sizes=\"auto, (max-width: 1024px) 100vw, 1024px\" \/><\/figure>\n<\/div>\n\n\n\n<div class=\"wp-block-column is-layout-flow wp-block-column-is-layout-flow\">\n<figure class=\"wp-block-image size-large\"><img loading=\"lazy\" decoding=\"async\" width=\"1024\" height=\"643\" src=\"http:\/\/lamagiedudesert.com\/wp-content\/uploads\/2025\/09\/WhatsApp-Image-2025-09-06-at-12.06.34-3-1024x643.jpeg\" alt=\"\" class=\"wp-image-726\" style=\"aspect-ratio:3\/2;object-fit:cover\" srcset=\"https:\/\/lamagiedudesert.com\/wp-content\/uploads\/2025\/09\/WhatsApp-Image-2025-09-06-at-12.06.34-3-1024x643.jpeg 1024w, https:\/\/lamagiedudesert.com\/wp-content\/uploads\/2025\/09\/WhatsApp-Image-2025-09-06-at-12.06.34-3-300x188.jpeg 300w, https:\/\/lamagiedudesert.com\/wp-content\/uploads\/2025\/09\/WhatsApp-Image-2025-09-06-at-12.06.34-3.jpeg 1300w\" sizes=\"auto, (max-width: 1024px) 100vw, 1024px\" \/><\/figure>\n<\/div>\n\n\n\n<div class=\"wp-block-column is-layout-flow wp-block-column-is-layout-flow\">\n<figure class=\"wp-block-image size-large\"><img loading=\"lazy\" decoding=\"async\" width=\"1024\" height=\"639\" src=\"http:\/\/lamagiedudesert.com\/wp-content\/uploads\/2025\/09\/WhatsApp-Image-2025-09-06-at-12.06.34-1024x639.jpeg\" alt=\"\" class=\"wp-image-727\" style=\"aspect-ratio:3\/2;object-fit:cover\" srcset=\"https:\/\/lamagiedudesert.com\/wp-content\/uploads\/2025\/09\/WhatsApp-Image-2025-09-06-at-12.06.34-1024x639.jpeg 1024w, https:\/\/lamagiedudesert.com\/wp-content\/uploads\/2025\/09\/WhatsApp-Image-2025-09-06-at-12.06.34-300x187.jpeg 300w, https:\/\/lamagiedudesert.com\/wp-content\/uploads\/2025\/09\/WhatsApp-Image-2025-09-06-at-12.06.34.jpeg 1300w\" sizes=\"auto, (max-width: 1024px) 100vw, 1024px\" \/><\/figure>\n<\/div>\n<\/div>\n\n\n\n<div class=\"wp-block-columns is-layout-flex wp-container-core-columns-is-layout-28f84493 wp-block-columns-is-layout-flex\">\n<div class=\"wp-block-column is-layout-flow wp-block-column-is-layout-flow\">\n<p class=\"has-text-align-center has-medium-font-size\"><strong>L\u2019\u00e9cho du d\u00e9sert<\/strong><\/p>\n<\/div>\n\n\n\n<div class=\"wp-block-column is-layout-flow wp-block-column-is-layout-flow\">\n<p class=\"has-text-align-center has-medium-font-size\"><strong>Des dunes aux \u00e9toiles<\/strong><\/p>\n<\/div>\n\n\n\n<div class=\"wp-block-column is-layout-flow wp-block-column-is-layout-flow\">\n<p class=\"has-text-align-center has-medium-font-size\"><strong>Les murmures des sables<\/strong><\/p>\n<\/div>\n<\/div>\n\n\n\n<div class=\"wp-block-columns is-layout-flex wp-container-core-columns-is-layout-28f84493 wp-block-columns-is-layout-flex\">\n<div class=\"wp-block-column is-layout-flow wp-block-column-is-layout-flow\">\n<p class=\"has-text-align-center\"><em>Pour r\u00e9pondre \u00e0 une envie d\u2019\u00e9vasion en rencontrant le d\u00e9sert diff\u00e9remment. Prendre le temps de respirer.<\/em><\/p>\n<\/div>\n\n\n\n<div class=\"wp-block-column is-layout-flow wp-block-column-is-layout-flow\">\n<p class=\"has-text-align-center\"><em>Exp\u00e9rimenter le d\u00e9sert comme lieu de transformation en allant au del\u00e0 de ce qui est visible.<\/em><\/p>\n<\/div>\n\n\n\n<div class=\"wp-block-column is-layout-flow wp-block-column-is-layout-flow\">\n<p class=\"has-text-align-center\"><em>Au coeur du d\u00e9sert, d\u00e9couvrez les murmures des dunes comme si le temps d\u2019un instant vous \u00e9tiez un enfant du d\u00e9sert.<\/em><\/p>\n<\/div>\n<\/div>\n\n\n\n<div class=\"wp-block-columns is-layout-flex wp-container-core-columns-is-layout-28f84493 wp-block-columns-is-layout-flex\">\n<div class=\"wp-block-column is-vertically-aligned-top is-layout-flow wp-block-column-is-layout-flow\">\n<ul class=\"wp-block-list\">\n<li>7 jours &#8211; 6 nuits<\/li>\n\n\n\n<li>3 \u00e0 4h de marche par jour \ud83e\uddb6\ud83e\uddb6<\/li>\n\n\n\n<li>1 nuit en bivouac fixe<\/li>\n\n\n\n<li>5 nuits sous les \u00e9toiles<\/li>\n\n\n\n<li>6 jours dans le d\u00e9sert<\/li>\n<\/ul>\n<\/div>\n\n\n\n<div class=\"wp-block-column is-layout-flow wp-block-column-is-layout-flow\">\n<ul class=\"wp-block-list\">\n<li>8 jours &#8211; 7 nuits<\/li>\n\n\n\n<li>3 \u00e0 6h de marche par jour\ud83e\uddb6\ud83e\uddb6\ud83e\uddb6<\/li>\n\n\n\n<li>1 nuit en bivouac fixe<\/li>\n\n\n\n<li>6 nuits sous les \u00e9toiles<\/li>\n\n\n\n<li>7 jours dans le d\u00e9sert<\/li>\n<\/ul>\n<\/div>\n\n\n\n<div class=\"wp-block-column is-layout-flow wp-block-column-is-layout-flow\">\n<ul class=\"wp-block-list\">\n<li>11 jours &#8211; 10 nuits<\/li>\n\n\n\n<li>3 \u00e0 6h de marche par jour \ud83e\uddb6\ud83e\uddb6\ud83e\uddb6<\/li>\n\n\n\n<li>1 nuit en bivouac fixe<\/li>\n\n\n\n<li>9 nuits sous les \u00e9toiles<\/li>\n\n\n\n<li>10 jours dans le d\u00e9sert<\/li>\n<\/ul>\n<\/div>\n<\/div>\n\n\n\n<details class=\"wp-block-details has-background has-medium-font-size is-layout-flow wp-block-details-is-layout-flow\" style=\"background-color:#ffbf0091\"><summary><strong>L\u2019\u00e9cho du d\u00e9sert<\/strong> &#8211; <em>Trame de l\u2019aventure<\/em><\/summary>\n<p><\/p>\n<\/details>\n\n\n\n<details class=\"wp-block-details has-background has-medium-font-size is-layout-flow wp-block-details-is-layout-flow\" style=\"background-color:#ffc80091\"><summary><strong>Des dunes aux \u00e9toiles <\/strong>&#8211; <em>Trame de l\u2019aventure<\/em><\/summary>\n<p><\/p>\n<\/details>\n\n\n\n<details class=\"wp-block-details has-background has-medium-font-size is-layout-flow wp-block-details-is-layout-flow\" style=\"background-color:#ffbf0094\"><summary><strong>Les murmures des sables<\/strong> &#8211; <em>Trame de l\u2019aventure<\/em><\/summary>\n<p><\/p>\n<\/details>\n\n\n\n<figure class=\"wp-block-image size-large\"><img loading=\"lazy\" decoding=\"async\" width=\"1024\" height=\"226\" src=\"http:\/\/lamagiedudesert.com\/wp-content\/uploads\/2025\/09\/IMG_1401-3-1024x226.png\" alt=\"\" class=\"wp-image-675\" srcset=\"https:\/\/lamagiedudesert.com\/wp-content\/uploads\/2025\/09\/IMG_1401-3-1024x226.png 1024w, https:\/\/lamagiedudesert.com\/wp-content\/uploads\/2025\/09\/IMG_1401-3-300x66.png 300w, https:\/\/lamagiedudesert.com\/wp-content\/uploads\/2025\/09\/IMG_1401-3-2000x441.png 2000w, https:\/\/lamagiedudesert.com\/wp-content\/uploads\/2025\/09\/IMG_1401-3.png 2047w\" sizes=\"auto, (max-width: 1024px) 100vw, 1024px\" \/><\/figure>\n\n\n\n<p><\/p>\n","protected":false},"excerpt":{"rendered":"<p>~ Id\u00e9al pour se d\u00e9connecter ~ L\u2019\u00e9cho du d\u00e9sert Des dunes aux \u00e9toiles Les murmures des sables Pour r\u00e9pondre \u00e0 une envie d\u2019\u00e9vasion en rencontrant le d\u00e9sert diff\u00e9remment. Prendre le temps de respirer. Exp\u00e9rimenter le d\u00e9sert comme lieu de transformation en allant au del\u00e0 de ce qui est visible. Au coeur du d\u00e9sert, d\u00e9couvrez les &hellip; <\/p>\n<p class=\"link-more\"><a href=\"https:\/\/lamagiedudesert.com\/index.php\/treks-longs\/\" class=\"more-link\">Lire la suite de<span class=\"screen-reader-text\">\u00ab\u00a0Treks longs\u00a0\u00bb<\/span><\/a><\/p>\n","protected":false},"author":1,"featured_media":0,"parent":0,"menu_order":0,"comment_status":"closed","ping_status":"closed","template":"","meta":{"footnotes":""},"class_list":["post-541","page","type-page","status-publish","hentry"],"featured_media_urls":[],"_links":{"self":[{"href":"https:\/\/lamagiedudesert.com\/index.php\/wp-json\/wp\/v2\/pages\/541","targetHints":{"allow":["GET"]}}],"collection":[{"href":"https:\/\/lamagiedudesert.com\/index.php\/wp-json\/wp\/v2\/pages"}],"about":[{"href":"https:\/\/lamagiedudesert.com\/index.php\/wp-json\/wp\/v2\/types\/page"}],"author":[{"embeddable":true,"href":"https:\/\/lamagiedudesert.com\/index.php\/wp-json\/wp\/v2\/users\/1"}],"replies":[{"embeddable":true,"href":"https:\/\/lamagiedudesert.com\/index.php\/wp-json\/wp\/v2\/comments?post=541"}],"version-history":[{"count":13,"href":"https:\/\/lamagiedudesert.com\/index.php\/wp-json\/wp\/v2\/pages\/541\/revisions"}],"predecessor-version":[{"id":728,"href":"https:\/\/lamagiedudesert.com\/index.php\/wp-json\/wp\/v2\/pages\/541\/revisions\/728"}],"wp:attachment":[{"href":"https:\/\/lamagiedudesert.com\/index.php\/wp-json\/wp\/v2\/media?parent=541"}],"curies":[{"name":"wp","href":"https:\/\/api.w.org\/{rel}","templated":true}]}}