{"id":538,"date":"2025-09-01T12:41:43","date_gmt":"2025-09-01T12:41:43","guid":{"rendered":"http:\/\/lamagiedudesert.com\/?page_id=538"},"modified":"2025-09-07T09:59:43","modified_gmt":"2025-09-07T09:59:43","slug":"treks-courts","status":"publish","type":"page","link":"https:\/\/lamagiedudesert.com\/index.php\/treks-courts\/","title":{"rendered":"Treks courts"},"content":{"rendered":"\n<p class=\"has-text-align-center has-large-font-size\">~ Id\u00e9al en Famille  ~<\/p>\n\n\n\n<div class=\"wp-block-columns is-layout-flex wp-container-core-columns-is-layout-28f84493 wp-block-columns-is-layout-flex\">\n<div class=\"wp-block-column is-layout-flow wp-block-column-is-layout-flow\">\n<figure class=\"wp-block-image size-large\"><img loading=\"lazy\" decoding=\"async\" width=\"1024\" height=\"576\" src=\"http:\/\/lamagiedudesert.com\/wp-content\/uploads\/2025\/09\/WhatsApp-Image-2025-08-28-at-12.10.02-1024x576.jpeg\" alt=\"\" class=\"wp-image-553\" style=\"aspect-ratio:4\/3;object-fit:cover\" srcset=\"https:\/\/lamagiedudesert.com\/wp-content\/uploads\/2025\/09\/WhatsApp-Image-2025-08-28-at-12.10.02-1024x576.jpeg 1024w, https:\/\/lamagiedudesert.com\/wp-content\/uploads\/2025\/09\/WhatsApp-Image-2025-08-28-at-12.10.02-300x169.jpeg 300w, https:\/\/lamagiedudesert.com\/wp-content\/uploads\/2025\/09\/WhatsApp-Image-2025-08-28-at-12.10.02-2000x1125.jpeg 2000w, https:\/\/lamagiedudesert.com\/wp-content\/uploads\/2025\/09\/WhatsApp-Image-2025-08-28-at-12.10.02.jpeg 2016w\" sizes=\"auto, (max-width: 1024px) 100vw, 1024px\" \/><\/figure>\n<\/div>\n\n\n\n<div class=\"wp-block-column is-layout-flow wp-block-column-is-layout-flow\">\n<figure class=\"wp-block-image size-large\"><img loading=\"lazy\" decoding=\"async\" width=\"1024\" height=\"768\" src=\"http:\/\/lamagiedudesert.com\/wp-content\/uploads\/2025\/09\/WhatsApp-Image-2025-08-28-at-13.25.44-1-1024x768.jpeg\" alt=\"\" class=\"wp-image-552\" srcset=\"https:\/\/lamagiedudesert.com\/wp-content\/uploads\/2025\/09\/WhatsApp-Image-2025-08-28-at-13.25.44-1-1024x768.jpeg 1024w, https:\/\/lamagiedudesert.com\/wp-content\/uploads\/2025\/09\/WhatsApp-Image-2025-08-28-at-13.25.44-1-300x225.jpeg 300w, https:\/\/lamagiedudesert.com\/wp-content\/uploads\/2025\/09\/WhatsApp-Image-2025-08-28-at-13.25.44-1.jpeg 1600w\" sizes=\"auto, (max-width: 1024px) 100vw, 1024px\" \/><\/figure>\n<\/div>\n\n\n\n<div class=\"wp-block-column is-layout-flow wp-block-column-is-layout-flow\">\n<figure class=\"wp-block-image size-full\"><img loading=\"lazy\" decoding=\"async\" width=\"1008\" height=\"567\" src=\"http:\/\/lamagiedudesert.com\/wp-content\/uploads\/2025\/09\/WhatsApp-Image-2025-09-01-at-15.34.31.jpeg\" alt=\"\" class=\"wp-image-554\" style=\"aspect-ratio:4\/3;object-fit:cover\" srcset=\"https:\/\/lamagiedudesert.com\/wp-content\/uploads\/2025\/09\/WhatsApp-Image-2025-09-01-at-15.34.31.jpeg 1008w, https:\/\/lamagiedudesert.com\/wp-content\/uploads\/2025\/09\/WhatsApp-Image-2025-09-01-at-15.34.31-300x169.jpeg 300w\" sizes=\"auto, (max-width: 1008px) 100vw, 1008px\" \/><\/figure>\n<\/div>\n<\/div>\n\n\n\n<div class=\"wp-block-columns is-layout-flex wp-container-core-columns-is-layout-28f84493 wp-block-columns-is-layout-flex\">\n<div class=\"wp-block-column is-layout-flow wp-block-column-is-layout-flow\">\n<p class=\"has-text-align-center has-medium-font-size\"><strong>Le petit nomade<\/strong><\/p>\n<\/div>\n\n\n\n<div class=\"wp-block-column is-layout-flow wp-block-column-is-layout-flow\">\n<p class=\"has-text-align-center has-medium-font-size\"><strong>Apprenti nomade<\/strong><\/p>\n<\/div>\n\n\n\n<div class=\"wp-block-column is-layout-flow wp-block-column-is-layout-flow\">\n<p class=\"has-text-align-center has-medium-font-size\"><strong>Nomade \u00e9clair\u00e9<\/strong><\/p>\n<\/div>\n<\/div>\n\n\n\n<div class=\"wp-block-columns is-layout-flex wp-container-core-columns-is-layout-28f84493 wp-block-columns-is-layout-flex\">\n<div class=\"wp-block-column is-layout-flow wp-block-column-is-layout-flow\">\n<p class=\"has-text-align-center\"><em>Parfait pour une premi\u00e8re immersion. Ce trek permet une rencontre en douceur avec la vie nomade, accessible \u00e0 tous<\/em>.<\/p>\n<\/div>\n\n\n\n<div class=\"wp-block-column is-layout-flow wp-block-column-is-layout-flow\">\n<p class=\"has-text-align-center\"><em>Pour couper du quotidien et approfondir l\u2019exp\u00e9rience. L\u2019occasion de se laisser surprendre par la marche dans le d\u00e9sert.<\/em><\/p>\n<\/div>\n\n\n\n<div class=\"wp-block-column is-layout-flow wp-block-column-is-layout-flow\">\n<p class=\"has-text-align-center\"><em>Ce trek est id\u00e9al pour ceux qui cherchent un \u00e9quilibre entre d\u00e9fi et d\u00e9tente en pleine nature en compagnie des nomades.<\/em><\/p>\n<\/div>\n<\/div>\n\n\n\n<div class=\"wp-block-columns is-layout-flex wp-container-core-columns-is-layout-28f84493 wp-block-columns-is-layout-flex\">\n<div class=\"wp-block-column is-layout-flow wp-block-column-is-layout-flow\">\n<ul class=\"wp-block-list\">\n<li>4 jours &#8211; 3 nuits<\/li>\n\n\n\n<li>3h30 \u00e0 4h de marche par jour\ud83e\uddb6<\/li>\n\n\n\n<li>3 nuits sous les \u00e9toiles<\/li>\n\n\n\n<li>3 jours dans le d\u00e9sert<br><\/li>\n<\/ul>\n<\/div>\n\n\n\n<div class=\"wp-block-column is-layout-flow wp-block-column-is-layout-flow\">\n<ul class=\"wp-block-list\">\n<li>5 jours &#8211; 4 nuits<\/li>\n\n\n\n<li>4 \u00e0 5h de marche par jour \ud83e\uddb6\ud83e\uddb6<\/li>\n\n\n\n<li>1 nuit en bivouac fixe<\/li>\n\n\n\n<li>3 nuits sous les \u00e9toiles<\/li>\n\n\n\n<li>4 jours dans le d\u00e9sert<\/li>\n<\/ul>\n<\/div>\n\n\n\n<div class=\"wp-block-column is-layout-flow wp-block-column-is-layout-flow\">\n<ul class=\"wp-block-list\">\n<li>6 jours &#8211; 5 nuits<\/li>\n\n\n\n<li>4 \u00e0 5h de marche par jour \ud83e\uddb6\ud83e\uddb6<\/li>\n\n\n\n<li>1 nuit en bivouac fixe<\/li>\n\n\n\n<li>4 sous les \u00e9toiles<\/li>\n\n\n\n<li>5 jours dans le d\u00e9sert<\/li>\n<\/ul>\n<\/div>\n<\/div>\n\n\n\n<details class=\"wp-block-details has-background has-medium-font-size is-layout-flow wp-block-details-is-layout-flow\" style=\"background-color:#fbc335ad\"><summary><strong>Le petit nomade<\/strong> &#8211; <em>Trame de l\u2019aventure <\/em><\/summary>\n<figure class=\"wp-block-image size-full\"><img loading=\"lazy\" decoding=\"async\" width=\"2000\" height=\"1414\" src=\"https:\/\/lamagiedudesert.com\/wp-content\/uploads\/2025\/09\/4-jours-3-nuits-Le-petit-nomade.png\" alt=\"\" class=\"wp-image-776\" srcset=\"https:\/\/lamagiedudesert.com\/wp-content\/uploads\/2025\/09\/4-jours-3-nuits-Le-petit-nomade.png 2000w, https:\/\/lamagiedudesert.com\/wp-content\/uploads\/2025\/09\/4-jours-3-nuits-Le-petit-nomade-300x212.png 300w, https:\/\/lamagiedudesert.com\/wp-content\/uploads\/2025\/09\/4-jours-3-nuits-Le-petit-nomade-1024x724.png 1024w\" sizes=\"auto, (max-width: 2000px) 100vw, 2000px\" \/><\/figure>\n<\/details>\n\n\n\n<details class=\"wp-block-details has-background has-medium-font-size is-layout-flow wp-block-details-is-layout-flow\" style=\"background-color:#ffb7008a\"><summary><strong>Nomade apprenti<\/strong> &#8211;<em> Trame de l\u2019aventure<\/em><\/summary>\n<p><\/p>\n<\/details>\n\n\n\n<details class=\"wp-block-details has-background has-medium-font-size is-layout-flow wp-block-details-is-layout-flow\" style=\"background-color:#ffb7007d\"><summary><strong>Nomade \u00e9clair\u00e9<\/strong> &#8211; <em>Trame de l\u2019aventure<\/em><\/summary>\n<p><\/p>\n<\/details>\n\n\n\n<figure class=\"wp-block-image size-large\"><img loading=\"lazy\" decoding=\"async\" width=\"1024\" height=\"226\" src=\"http:\/\/lamagiedudesert.com\/wp-content\/uploads\/2025\/09\/IMG_1401-2-1024x226.png\" alt=\"\" class=\"wp-image-654\" srcset=\"https:\/\/lamagiedudesert.com\/wp-content\/uploads\/2025\/09\/IMG_1401-2-1024x226.png 1024w, https:\/\/lamagiedudesert.com\/wp-content\/uploads\/2025\/09\/IMG_1401-2-300x66.png 300w, https:\/\/lamagiedudesert.com\/wp-content\/uploads\/2025\/09\/IMG_1401-2-2000x441.png 2000w, https:\/\/lamagiedudesert.com\/wp-content\/uploads\/2025\/09\/IMG_1401-2.png 2047w\" sizes=\"auto, (max-width: 1024px) 100vw, 1024px\" \/><\/figure>\n\n\n\n<p><\/p>\n","protected":false},"excerpt":{"rendered":"<p>~ Id\u00e9al en Famille ~ Le petit nomade Apprenti nomade Nomade \u00e9clair\u00e9 Parfait pour une premi\u00e8re immersion. Ce trek permet une rencontre en douceur avec la vie nomade, accessible \u00e0 tous. Pour couper du quotidien et approfondir l\u2019exp\u00e9rience. L\u2019occasion de se laisser surprendre par la marche dans le d\u00e9sert. Ce trek est id\u00e9al pour ceux &hellip; <\/p>\n<p class=\"link-more\"><a href=\"https:\/\/lamagiedudesert.com\/index.php\/treks-courts\/\" class=\"more-link\">Lire la suite de<span class=\"screen-reader-text\">\u00ab\u00a0Treks courts\u00a0\u00bb<\/span><\/a><\/p>\n","protected":false},"author":1,"featured_media":0,"parent":0,"menu_order":0,"comment_status":"closed","ping_status":"closed","template":"","meta":{"footnotes":""},"class_list":["post-538","page","type-page","status-publish","hentry"],"featured_media_urls":[],"_links":{"self":[{"href":"https:\/\/lamagiedudesert.com\/index.php\/wp-json\/wp\/v2\/pages\/538","targetHints":{"allow":["GET"]}}],"collection":[{"href":"https:\/\/lamagiedudesert.com\/index.php\/wp-json\/wp\/v2\/pages"}],"about":[{"href":"https:\/\/lamagiedudesert.com\/index.php\/wp-json\/wp\/v2\/types\/page"}],"author":[{"embeddable":true,"href":"https:\/\/lamagiedudesert.com\/index.php\/wp-json\/wp\/v2\/users\/1"}],"replies":[{"embeddable":true,"href":"https:\/\/lamagiedudesert.com\/index.php\/wp-json\/wp\/v2\/comments?post=538"}],"version-history":[{"count":54,"href":"https:\/\/lamagiedudesert.com\/index.php\/wp-json\/wp\/v2\/pages\/538\/revisions"}],"predecessor-version":[{"id":777,"href":"https:\/\/lamagiedudesert.com\/index.php\/wp-json\/wp\/v2\/pages\/538\/revisions\/777"}],"wp:attachment":[{"href":"https:\/\/lamagiedudesert.com\/index.php\/wp-json\/wp\/v2\/media?parent=538"}],"curies":[{"name":"wp","href":"https:\/\/api.w.org\/{rel}","templated":true}]}}