{"id":308,"date":"2025-08-28T14:24:29","date_gmt":"2025-08-28T14:24:29","guid":{"rendered":"http:\/\/lamagiedudesert.com\/?page_id=308"},"modified":"2025-09-06T11:22:24","modified_gmt":"2025-09-06T11:22:24","slug":"la-caravane-des-questions","status":"publish","type":"page","link":"https:\/\/lamagiedudesert.com\/index.php\/la-caravane-des-questions\/","title":{"rendered":"La caravane des questions"},"content":{"rendered":"\n<details class=\"wp-block-details is-layout-flow wp-block-details-is-layout-flow\"><summary><strong>Pourquoi partir en trek avec nous ?<\/strong><\/summary>\n<p><em>Il existe de nombreuses agences permettant de vivre des treks dans le d\u00e9sert. C\u2019est pourquoi, il est important de privil\u00e9gier des agences locales participant \u00e0 faire vivre le village de M\u2019Hamid El Ghizlane.<\/em><\/p>\n\n\n\n<p>Partir avec nous, c\u2019est soutenir l\u2019\u00e9conomie locale mais il s\u2019agit avant tout d\u2019une histoire de coeur. Ici, l\u2019\u00e2me\/l\u2019intuition prend le relais. Choisissez-nous si vous vous sentez appeler par ce que nous vous proposons. L\u2019essentiel c\u2019est de vivre un voyage o\u00f9 vous vous sentirez en s\u00e9curit\u00e9, en confiance et que vous laissiez l\u2019opportunit\u00e9 au d\u00e9sert de vous nourrir et de vous transformer en profondeur. Nous serons ravis d\u2019\u00eatre \u00e0 vos c\u00f4t\u00e9 dans ce moment unique de votre vie.<\/p>\n\n\n\n<p>Partir en trek c\u2019est peut-\u00eatre l\u2019occasion de :<\/p>\n\n\n\n<ul class=\"wp-block-list\">\n<li><strong>C\u00e9l\u00e9brer<\/strong> un moment de votre vie peu importe les difficult\u00e9s que cela a suscit\u00e9<\/li>\n\n\n\n<li><strong>Vivre<\/strong> des vacances uniques<\/li>\n\n\n\n<li><strong>Partager<\/strong> des moments exeptionnels<\/li>\n\n\n\n<li><strong>D\u00e9connecter<\/strong> du quotidien et de toutes vos pens\u00e9es envahissantes <\/li>\n\n\n\n<li><strong>Retrouver<\/strong> l\u2019essentiel<\/li>\n\n\n\n<li>Vous <strong>rencontrer<\/strong> diff\u00e9remment<\/li>\n\n\n\n<li>Et peut-\u00eatre tout autre chose<\/li>\n<\/ul>\n\n\n\n<p><strong>Nous avons h\u00e2te de vous rencontrer!<\/strong><\/p>\n<\/details>\n\n\n\n<details class=\"wp-block-details is-layout-flow wp-block-details-is-layout-flow\"><summary><strong>Comment se passe le trajet Marrakech-M\u2019Hamid El Ghizlane ?<\/strong><\/summary>\n<p>Il faut compter 8h de route pour se rendre au village. Il s\u2019agit d\u2019une route unique traversant l\u2019Atlas, grosse montagne du Maroc. Une pause vous sera propos\u00e9e en milieu de matin\u00e9e. Une pause d\u00e9jeuner est pr\u00e9vue \u00e0 Ouarzazate. Une autre pause vous est propos\u00e9e en milieu d\u2019apr\u00e8s-midi \u00e9galement avant d\u2019arriver au village o\u00f9 le 4&#215;4 vous attendra.<\/p>\n\n\n\n<p>Pour les malades en transport, la l\u00e9gende raconte qu\u2019un pansement sur le nombril annule tout les d\u00e9sagr\u00e9ments. Je vous invite sinc\u00e8rement \u00e0 tester.<\/p>\n<\/details>\n\n\n\n<details class=\"wp-block-details is-layout-flow wp-block-details-is-layout-flow\"><summary><strong>Quelle est la taille maximale du groupe de trek ?<\/strong><\/summary>\n<p>Les treks se composent de 12 adultes au maximum pour garantir la rencontre humaine. Si vous souhaitez nous rejoindre pour une aventure se composant d\u2019un grand groupe, nous vous invitons \u00e0 nous contacter pour pr\u00e9parer au mieux votre voyage.<\/p>\n<\/details>\n\n\n\n<details class=\"wp-block-details is-layout-flow wp-block-details-is-layout-flow\"><summary><strong>Le trek est-il adapt\u00e9 aux enfants ?<\/strong><\/summary>\n<p>Oui, le trek peut tout \u00e0 fait s\u2019adapter aux enfants en ajustant la dur\u00e9e des temps de marche et en rapprochant les \u00e9tapes. Vous pouvez \u00e9galement demander un dromadaire de selle pour votre enfant ainsi que pour la personne portant un petit enfant. Pour plus d\u2019intimit\u00e9 n\u2019h\u00e9sitez pas \u00e0 nous contacter pour privatiser le trek.<\/p>\n<\/details>\n\n\n\n<details class=\"wp-block-details is-layout-flow wp-block-details-is-layout-flow\"><summary><strong>Est-ce qu\u2019on porte nos bagages ?<\/strong><\/summary>\n<p>Non, toutes vos affaires personnelles sont charg\u00e9es sur les dromadaires. Vous portez seulement un petit sac \u00e0 dos, comportant votre gourde, cr\u00e8me solaire, mouchoirs, c\u2019est-\u00e0-dire le strict n\u00e9cessaire pour la marche.<\/p>\n<\/details>\n\n\n\n<details class=\"wp-block-details is-layout-flow wp-block-details-is-layout-flow\"><summary><strong>Qu\u2019est-ce qu\u2019il faut comme chaussures ?<\/strong><\/summary>\n<ul class=\"wp-block-list\">\n<li>Le plus pratique reste le c\u00e9l\u00e8bre combinaison sandale-chaussettes (c\u2019est un style de marcher dans le d\u00e9sert). La sandale permet de maintenir votre pied contrairement \u00e0 des claquettes et permet de ne pas stocker de sable. La chaussette vient prot\u00e9ger du soleil. <\/li>\n\n\n\n<li>Les baskets font aussi l\u2019affaire, mais parfois il est n\u00e9cessaire de vider le sable accumul\u00e9.<\/li>\n\n\n\n<li>Pieds nus : \u00e0 certains moments. Vous allez traverser diff\u00e9rents types de d\u00e9serts o\u00f9 il y a des cailloux, des branches, des \u00e9pines, etc. Le sable devient \u00e9galement rapidement chaud sous les pieds.<\/li>\n\n\n\n<li>M\u00e9fiance avec les tongs : avec la marche et le frottement du sable, le plastique peut parfois br\u00fbler entre les orteils.<\/li>\n<\/ul>\n<\/details>\n\n\n\n<details class=\"wp-block-details is-layout-flow wp-block-details-is-layout-flow\"><summary><strong>Qu\u2019est-ce qu\u2019on mange dans le d\u00e9sert ?<\/strong><\/summary>\n<p>Les repas se composent g\u00e9n\u00e9ralement de tajines, soupes, salades fraiches, fruits et pain du d\u00e9sert. Si vous avez un r\u00e9gime particulier, ou si vous ne souhaitez pas manger de viande, il suffit de pr\u00e9venir l\u2019\u00e9quipe \u00e0 l\u2019avance pour que le cuisinier adapte ses repas.<\/p>\n<\/details>\n\n\n\n<details class=\"wp-block-details is-layout-flow wp-block-details-is-layout-flow\"><summary><strong>Comment cela se passe pour l\u2019eau ?<\/strong><\/summary>\n<p>Vous b\u00e9n\u00e9ficierez de l\u2019eau \u00e0 volont\u00e9 provenant de bouteilles achet\u00e9s par nos soins. L\u2019eau des puits sera utilis\u00e9e seulement pour les toilettes.<\/p>\n<\/details>\n\n\n\n<details class=\"wp-block-details is-layout-flow wp-block-details-is-layout-flow\"><summary><strong>Comment se passe l\u2019arriv\u00e9e \u00e0 Marrakech ?<\/strong><\/summary>\n<ul class=\"wp-block-list\">\n<li>Une fois arriv\u00e9e \u00e0 l\u2019a\u00e9roport, il vous reste la douane \u00e0 passer. L\u2019officier pose parfois quelques questions tel que votre m\u00e9tier et surtout o\u00f9 vous dormez. Assurez-vous d\u2019avoir \u00e0 porter de main le nom du Riad qui vous accueille pour la nuit.<\/li>\n\n\n\n<li>A la sortie de l\u2019a\u00e9roport, un taxi vous attendra soit avec une pancarte comportant le nom du Riad soit avec le nom \u00ab&nbsp;La magie du d\u00e9sert&nbsp;\u00bb, cela vous sera redit avant votre d\u00e9part. Le taxi vous attendra soit dans le hall de l\u2019a\u00e9roport, soit juste \u00e0 la sortie. Si besoin, dans l\u2019a\u00e9roport, vous b\u00e9n\u00e9ficiez de la Wifi gratuitement. Ensuite le taxi vous conduira directement au Riad.<\/li>\n\n\n\n<li>Au Riad, vous aurez toutes les informations concernant votre d\u00eener ainsi que les consignes horaires pour le petit d\u00e9jeuner. <\/li>\n\n\n\n<li>Le taxi\/bus priv\u00e9 (selon le nombre de nombre de personnes) vous attendra entre 8h et 9h pour prendre la route direction M\u2019hamid El Ghizlane. L\u2019heure exacte vous sera indiqu\u00e9e au moment venue. <\/li>\n\n\n\n<li>En fonction de l\u2019heure de votre arriv\u00e9e, n\u2019h\u00e9sitez pas \u00e0 profiter de La Medina et de la place Jema El Fna (la grande place embl\u00e9matique). Vigilance par rapport aux arnaques. C\u2019est une grande place touristique.<\/li>\n<\/ul>\n<\/details>\n\n\n\n<details class=\"wp-block-details is-layout-flow wp-block-details-is-layout-flow\"><summary><strong>Quand est-il de la communication au Maroc ?<\/strong><\/summary>\n<ul class=\"wp-block-list\">\n<li>La langue officielle est l\u2019arabe. N\u00e9anmoins, la langue la plus couramment parl\u00e9 reste le Darija (arabe marocain). Le fran\u00e7ais s\u2019est \u00e9galement r\u00e9pandu, vous n\u2019aurez aucune difficult\u00e9 pour communiquer dans les grandes villes.<\/li>\n\n\n\n<li>Une fois dans le d\u00e9sert, vous pourrez \u00e9galement communiquer en fran\u00e7ais et\/ou anglais selon les nomades qui vous accompagneront. La communication n\u2019est jamais une difficult\u00e9 arriv\u00e9 sur place.<\/li>\n<\/ul>\n<\/details>\n\n\n\n<details class=\"wp-block-details is-layout-flow wp-block-details-is-layout-flow\"><summary><strong>Est-ce qu\u2019il y a du r\u00e9seau dans le d\u00e9sert ?<\/strong><\/summary>\n<p>C\u2019est fou mais il y a \u00e9galement du r\u00e9seau dans le d\u00e9sert, parfois il faut monter en haut d\u2019une dune pour capter la 3G. Par ailleurs, peut-\u00eatre est-ce l\u2019occasion pour se d\u00e9connecter compl\u00e8tement pour profiter pleinement de l\u2019instant offert par le cadre.<\/p>\n<\/details>\n\n\n\n<details class=\"wp-block-details is-layout-flow wp-block-details-is-layout-flow\"><summary><strong>Qu\u2019en est-il des conditions d\u2019hygi\u00e8ne dans le d\u00e9sert ?\u00a0<\/strong><\/summary>\n<p>Pour se laver, plusieurs possibilit\u00e9s :<\/p>\n\n\n\n<ul class=\"wp-block-list\">\n<li>La toilette de chat \u00e0 l\u2019aide de lingettes que vous aurez emport\u00e9<\/li>\n\n\n\n<li>Possibilit\u00e9 de demander aux nomades de l\u2019eau pour la douche. Vous pouvez vous cacher derri\u00e8re une dune, l\u2019exp\u00e9rience est assez unique. Penser \u00e0 le faire avant le coucher du soleil pour ne pas vous faire surprendre par la fra\u00eecheur du soir.<\/li>\n<\/ul>\n\n\n\n<p>Pour aller aux toilettes : <em>(souvent le grand sujet du trek qui devient rapidement l\u2019occasion de rire, cela ne reste pas longtemps tabou)<\/em><\/p>\n\n\n\n<ul class=\"wp-block-list\">\n<li>Vous vous cachez derri\u00e8re une dune, ou un arbre\/buisson, vous creusez un trou que vous recouvrez une fois termin\u00e9e. Soit vous utilisez une bouteille d\u2019eau, soit vous utilisez du papier toilette\/lingettes. Dans ce cas, munissez-vous d\u2019un petit sac poubelle o\u00f9 vous pourrez mettre vos papiers. Tout les soirs un feu est allum\u00e9, l\u2019occasion de bruler les papiers de la journ\u00e9e.<\/li>\n<\/ul>\n<\/details>\n\n\n\n<p><\/p>\n","protected":false},"excerpt":{"rendered":"","protected":false},"author":1,"featured_media":729,"parent":0,"menu_order":0,"comment_status":"closed","ping_status":"closed","template":"","meta":{"footnotes":""},"class_list":["post-308","page","type-page","status-publish","has-post-thumbnail","hentry"],"featured_media_urls":{"thumbnail":["https:\/\/lamagiedudesert.com\/wp-content\/uploads\/2025\/09\/WhatsApp-Image-2025-09-06-at-12.06.34-4-150x150.jpeg",150,150,true],"medium":["https:\/\/lamagiedudesert.com\/wp-content\/uploads\/2025\/09\/WhatsApp-Image-2025-09-06-at-12.06.34-4-300x141.jpeg",300,141,true],"medium_large":["https:\/\/lamagiedudesert.com\/wp-content\/uploads\/2025\/09\/WhatsApp-Image-2025-09-06-at-12.06.34-4.jpeg",768,360,false],"large":["https:\/\/lamagiedudesert.com\/wp-content\/uploads\/2025\/09\/WhatsApp-Image-2025-09-06-at-12.06.34-4-1024x480.jpeg",950,445,true],"1536x1536":["https:\/\/lamagiedudesert.com\/wp-content\/uploads\/2025\/09\/WhatsApp-Image-2025-09-06-at-12.06.34-4.jpeg",1280,600,false],"2048x2048":["https:\/\/lamagiedudesert.com\/wp-content\/uploads\/2025\/09\/WhatsApp-Image-2025-09-06-at-12.06.34-4.jpeg",1280,600,false],"inspiro-featured-image":["https:\/\/lamagiedudesert.com\/wp-content\/uploads\/2025\/09\/WhatsApp-Image-2025-09-06-at-12.06.34-4.jpeg",1280,600,false],"inspiro-loop":["https:\/\/lamagiedudesert.com\/wp-content\/uploads\/2025\/09\/WhatsApp-Image-2025-09-06-at-12.06.34-4-950x320.jpeg",950,320,true],"inspiro-loop@2x":["https:\/\/lamagiedudesert.com\/wp-content\/uploads\/2025\/09\/WhatsApp-Image-2025-09-06-at-12.06.34-4.jpeg",1280,600,false],"portfolio_item-thumbnail":["https:\/\/lamagiedudesert.com\/wp-content\/uploads\/2025\/09\/WhatsApp-Image-2025-09-06-at-12.06.34-4-600x400.jpeg",600,400,true],"portfolio_item-thumbnail@2x":["https:\/\/lamagiedudesert.com\/wp-content\/uploads\/2025\/09\/WhatsApp-Image-2025-09-06-at-12.06.34-4-1200x600.jpeg",1200,600,true],"portfolio_item-masonry":["https:\/\/lamagiedudesert.com\/wp-content\/uploads\/2025\/09\/WhatsApp-Image-2025-09-06-at-12.06.34-4-600x281.jpeg",600,281,true],"portfolio_item-masonry@2x":["https:\/\/lamagiedudesert.com\/wp-content\/uploads\/2025\/09\/WhatsApp-Image-2025-09-06-at-12.06.34-4-1200x563.jpeg",1200,563,true],"portfolio_item-thumbnail_cinema":["https:\/\/lamagiedudesert.com\/wp-content\/uploads\/2025\/09\/WhatsApp-Image-2025-09-06-at-12.06.34-4-800x335.jpeg",800,335,true],"portfolio_item-thumbnail_portrait":["https:\/\/lamagiedudesert.com\/wp-content\/uploads\/2025\/09\/WhatsApp-Image-2025-09-06-at-12.06.34-4-600x600.jpeg",600,600,true],"portfolio_item-thumbnail_portrait@2x":["https:\/\/lamagiedudesert.com\/wp-content\/uploads\/2025\/09\/WhatsApp-Image-2025-09-06-at-12.06.34-4-1200x600.jpeg",1200,600,true],"portfolio_item-thumbnail_square":["https:\/\/lamagiedudesert.com\/wp-content\/uploads\/2025\/09\/WhatsApp-Image-2025-09-06-at-12.06.34-4-800x600.jpeg",800,600,true]},"_links":{"self":[{"href":"https:\/\/lamagiedudesert.com\/index.php\/wp-json\/wp\/v2\/pages\/308","targetHints":{"allow":["GET"]}}],"collection":[{"href":"https:\/\/lamagiedudesert.com\/index.php\/wp-json\/wp\/v2\/pages"}],"about":[{"href":"https:\/\/lamagiedudesert.com\/index.php\/wp-json\/wp\/v2\/types\/page"}],"author":[{"embeddable":true,"href":"https:\/\/lamagiedudesert.com\/index.php\/wp-json\/wp\/v2\/users\/1"}],"replies":[{"embeddable":true,"href":"https:\/\/lamagiedudesert.com\/index.php\/wp-json\/wp\/v2\/comments?post=308"}],"version-history":[{"count":22,"href":"https:\/\/lamagiedudesert.com\/index.php\/wp-json\/wp\/v2\/pages\/308\/revisions"}],"predecessor-version":[{"id":753,"href":"https:\/\/lamagiedudesert.com\/index.php\/wp-json\/wp\/v2\/pages\/308\/revisions\/753"}],"wp:featuredmedia":[{"embeddable":true,"href":"https:\/\/lamagiedudesert.com\/index.php\/wp-json\/wp\/v2\/media\/729"}],"wp:attachment":[{"href":"https:\/\/lamagiedudesert.com\/index.php\/wp-json\/wp\/v2\/media?parent=308"}],"curies":[{"name":"wp","href":"https:\/\/api.w.org\/{rel}","templated":true}]}}