{"id":302,"date":"2025-08-28T14:24:04","date_gmt":"2025-08-28T14:24:04","guid":{"rendered":"http:\/\/lamagiedudesert.com\/?page_id=302"},"modified":"2025-08-31T16:48:08","modified_gmt":"2025-08-31T16:48:08","slug":"preparer-la-traversee","status":"publish","type":"page","link":"https:\/\/lamagiedudesert.com\/index.php\/preparer-la-traversee\/","title":{"rendered":"Pr\u00e9parer la travers\u00e9e"},"content":{"rendered":"\n<p class=\"has-background has-medium-font-size\" style=\"background-color:#d9d9d98c;margin-top:0;margin-right:var(--wp--preset--spacing--medium);margin-bottom:0;margin-left:var(--wp--preset--spacing--medium)\">\u2600\ufe0f <strong>M\u00c9T\u00c9O DU D\u00c9SERT<\/strong> : <em>quand partir ?<\/em><\/p>\n\n\n\n<ul class=\"wp-block-list\">\n<li><strong>Vous aimez la chaleur :<\/strong> <strong>septembre, octobre, novembre, avril et mai <\/strong>sont fait pour vous.\n<ul class=\"wp-block-list\">\n<li><em>Ici, la marche le matin commence assez t\u00f4t pour ne pas souffrir de la chaleur de fin de matin\u00e9e. Le soir, la fra\u00eecheur est appr\u00e9ci\u00e9e tout en restant en t-shirt.<\/em><\/li>\n<\/ul>\n<\/li>\n\n\n\n<li><strong>La chaleur est une difficult\u00e9 pour vous<\/strong> : <strong>d\u00e9cembre, janvier f\u00e9vrier et mars<\/strong> sont \u00e0 privil\u00e9gier.\n<ul class=\"wp-block-list\">\n<li><em>Ici, la marche le matin est confortable, petit sweat avec le plaisir de se d\u00e9couvrir quand le soleil commence \u00e0 chauffer. Le soir, quand le soleil se couche, soyez couvert la fra\u00eecheur surprend. La polaire et le manteau sont appr\u00e9ciables.<\/em><\/li>\n<\/ul>\n<\/li>\n\n\n\n<li>Les treks dans le d\u00e9sert ont lieu de fin septembre \u00e0 fin mai.<\/li>\n<\/ul>\n\n\n\n<figure class=\"wp-block-image size-large\"><img loading=\"lazy\" decoding=\"async\" width=\"1024\" height=\"350\" src=\"http:\/\/lamagiedudesert.com\/wp-content\/uploads\/2025\/08\/IMG_1382-1024x350.png\" alt=\"\" class=\"wp-image-516\" srcset=\"https:\/\/lamagiedudesert.com\/wp-content\/uploads\/2025\/08\/IMG_1382-1024x350.png 1024w, https:\/\/lamagiedudesert.com\/wp-content\/uploads\/2025\/08\/IMG_1382-300x103.png 300w, https:\/\/lamagiedudesert.com\/wp-content\/uploads\/2025\/08\/IMG_1382.png 1999w\" sizes=\"auto, (max-width: 1024px) 100vw, 1024px\" \/><\/figure>\n\n\n\n<figure class=\"wp-block-table\"><table class=\"has-background has-fixed-layout\" style=\"background-color:#eda8136e\"><tbody><tr><td class=\"has-text-align-center\" data-align=\"center\">\ud83e\udd82<strong>LES ANIMAUX DU DESERTS<\/strong><\/td><td class=\"has-text-align-center\" data-align=\"center\"><strong>Pas de scorpions ni de serpents pendant la saison des treks<\/strong>.<br>Scorpions et serpents sont de sortis l\u2019\u00e9t\u00e9. Ils pr\u00e9f\u00e8rent les grosses chaleurs. <br><strong>Pas de moustiques dans le d\u00e9sert.<\/strong><\/td><\/tr><\/tbody><\/table><\/figure>\n\n\n\n<p class=\"has-background has-medium-font-size\" style=\"background-color:#d9d9d991;margin-right:var(--wp--preset--spacing--medium);margin-left:var(--wp--preset--spacing--medium)\">\u2705 <strong>LES QUESTIONS LOGISTIQUES :<\/strong><\/p>\n\n\n\n<figure class=\"wp-block-table\"><table class=\"has-primary-color has-text-color has-background has-link-color has-fixed-layout\" style=\"background-color:#7878782e\"><tbody><tr><td class=\"has-text-align-center\" data-align=\"center\"><br>\ud83d\udcab<strong>S\u00c9CURIT\u00c9<\/strong><br><br>\u203c\ufe0fA Marrakech, ne pas aller dans le souk* la nuit.<br><em>*grand march\u00e9 couvert, tr\u00e8s c\u00e9l\u00e8bre, un incontournable de Marrakech en journ\u00e9e.<\/em><\/td><td class=\"has-text-align-left\" data-align=\"left\">\ud83d\udd05Les <strong>touristes sont en s\u00e9curit\u00e9<\/strong> au Maroc (un des pays les plus s\u00fbrs d\u2019Afrique)<br><br>\ud83d\udd05 Comme dans tout lieu touristique tr\u00e8s fr\u00e9quent\u00e9, prudence face aux voleurs et pick-pockets.<br><br>\ud83d\udd05 <strong>Aucun risque \u00e0 M\u2019Hamid ni dans le d\u00e9sert<\/strong>.<\/td><\/tr><tr><td class=\"has-text-align-center\" data-align=\"center\">\ud83c\udf0d<strong>VISA et FORMALIT\u00c9<\/strong><br><br>Ambassade de France au Maroc :&nbsp;<a href=\"http:\/\/www.ambafrance-ma.org\/\" target=\"_blank\" rel=\"noreferrer noopener\">www.ambafrance-ma.org<\/a><br>Ambassade du Maroc en France :&nbsp;<a href=\"https:\/\/www.consulat.ma\/fr\">https:\/\/www.consulat.ma\/fr<\/a><\/td><td class=\"has-text-align-left\" data-align=\"left\">\ud83d\udd05Pour les ressortissants europ\u00e9ens, <strong>aucun visa n\u2019est exig\u00e9<\/strong>. <br><em>-&gt;Le visa touristique d\u2019une validit\u00e9 de 3 mois vous sera automatiquement accord\u00e9 \u00e0 l\u2019entr\u00e9e au Maroc.<\/em><br><br>\ud83d\udd05 Un <strong>passeport<\/strong> dont la validit\u00e9 couvre la dur\u00e9e du s\u00e9jour est <strong>n\u00e9cessaire<\/strong>.<br><br>\ud83d\udd05Aucun autre document n\u2019est n\u00e9cessaire, cependant si vous <strong>voyagez avec des enfants<\/strong>, il est conseill\u00e9 de vous munir de leur <strong>carnet de sant\u00e9<\/strong> et du <strong>livret de famille<\/strong>, <em>ou de sa copie.<\/em><\/td><\/tr><tr><td class=\"has-text-align-center\" data-align=\"center\">\ud83c\udf3f<strong>SANT\u00c9<\/strong><\/td><td class=\"has-text-align-left\" data-align=\"left\">\ud83d\udd06 <strong>Aucun vaccin<\/strong> n\u2019est <strong>obligatoire<\/strong> pour le Maroc.<br><br>\ud83d\udd06Pensez \u00e0 prendre votre <strong>attestation de mutuelle<\/strong> (<em>pour couvrir les frais m\u00e9dicaux, sen cas de maladie ou d\u2019hospitalisation<\/em>).<\/td><\/tr><tr><td class=\"has-text-align-center\" data-align=\"center\">\ud83d\udcb6 <strong>ARGENT &#8211; CHANGE<\/strong><br><br>\u203c\ufe0fVigilance \u00e0 Marrakech, vous \u00eates identifi\u00e9s comme touriste (=argent). Les prix sont donc \u00eaxtrement gonfl\u00e9s.<br><em>[exemple : h\u00e9nn\u00e9 sur les mains. On peut vous demander 30, 70, 80 euros. Cela vaut 5 euros maximum).<\/em><\/td><td class=\"has-text-align-left\" data-align=\"left\">\ud83d\udd05 Monnaie nationale : dirham marocain (MAD)<br>-&gt; <em>100 dirham = 10 euros<\/em><br><br>\ud83d\udd05Carte bancaire : globalement accept\u00e9e dans les grandes villes o\u00f9 il y a des distributeurs, mais la<strong> majorit\u00e9  des paiements se fait en liquide<\/strong> apr\u00e8s le fameux marchandage.<br>-&gt; <em>Il y a des frais de transactions \u00e0 pr\u00e9voir<\/em><br><br>\ud83d\udd05Change : possible dans les a\u00e9roports, banques, certains h\u00f4tels.<br><br>\ud83d\udd06 <strong>Les billets en euros sont accept\u00e9s \u00e0 Marrakech. Dans les petites villes, ils peuvent \u00eatre refus\u00e9s.<\/strong><\/td><\/tr><tr><td class=\"has-text-align-center\" data-align=\"center\">\ud83d\udcb8<strong>POURBOIRE<\/strong><\/td><td class=\"has-text-align-left\" data-align=\"left\">\ud83d\udd05 Fait partie int\u00e9grante de la culture marocaine. Il n\u2019est pas obligatoire mais il est particuli\u00e8rement appr\u00e9ci\u00e9 comme signe de remerciement vis-\u00e0-vis d\u2019un service.<br><br>\ud83d\udd05Il participe activement aux revenus des \u00e9quipes dans le secteur du tourisme et sera appr\u00e9ci\u00e9 par vos guides.<br>-&gt; <em>Le montant recommand\u00e9 de 10% du prix du s\u00e9jour prend en compte le niveau de vie pour ne pas perturber l\u2019\u00e9conomie locale et est \u00e0 adapter selon votre satisfaction.<\/em><\/td><\/tr><\/tbody><\/table><\/figure>\n\n\n\n<p><\/p>\n","protected":false},"excerpt":{"rendered":"<p>\u2600\ufe0f M\u00c9T\u00c9O DU D\u00c9SERT : quand partir ? \ud83e\udd82LES ANIMAUX DU DESERTS Pas de scorpions ni de serpents pendant la saison des treks.Scorpions et serpents sont de sortis l\u2019\u00e9t\u00e9. Ils pr\u00e9f\u00e8rent les grosses chaleurs. Pas de moustiques dans le d\u00e9sert. \u2705 LES QUESTIONS LOGISTIQUES : \ud83d\udcabS\u00c9CURIT\u00c9 \u203c\ufe0fA Marrakech, ne pas aller dans le souk* la &hellip; <\/p>\n<p class=\"link-more\"><a href=\"https:\/\/lamagiedudesert.com\/index.php\/preparer-la-traversee\/\" class=\"more-link\">Lire la suite de<span class=\"screen-reader-text\">\u00ab\u00a0Pr\u00e9parer la travers\u00e9e\u00a0\u00bb<\/span><\/a><\/p>\n","protected":false},"author":1,"featured_media":428,"parent":0,"menu_order":0,"comment_status":"closed","ping_status":"closed","template":"","meta":{"footnotes":""},"class_list":["post-302","page","type-page","status-publish","has-post-thumbnail","hentry"],"featured_media_urls":{"thumbnail":["https:\/\/lamagiedudesert.com\/wp-content\/uploads\/2025\/08\/WhatsApp-Image-2025-08-26-at-15.46.54-2-150x150.jpeg",150,150,true],"medium":["https:\/\/lamagiedudesert.com\/wp-content\/uploads\/2025\/08\/WhatsApp-Image-2025-08-26-at-15.46.54-2-300x225.jpeg",300,225,true],"medium_large":["https:\/\/lamagiedudesert.com\/wp-content\/uploads\/2025\/08\/WhatsApp-Image-2025-08-26-at-15.46.54-2-scaled.jpeg",768,576,false],"large":["https:\/\/lamagiedudesert.com\/wp-content\/uploads\/2025\/08\/WhatsApp-Image-2025-08-26-at-15.46.54-2-1024x768.jpeg",950,713,true],"1536x1536":["https:\/\/lamagiedudesert.com\/wp-content\/uploads\/2025\/08\/WhatsApp-Image-2025-08-26-at-15.46.54-2-scaled-1536x1152.jpeg",1536,1152,true],"2048x2048":["https:\/\/lamagiedudesert.com\/wp-content\/uploads\/2025\/08\/WhatsApp-Image-2025-08-26-at-15.46.54-2-scaled-2048x1536.jpeg",2048,1536,true],"inspiro-featured-image":["https:\/\/lamagiedudesert.com\/wp-content\/uploads\/2025\/08\/WhatsApp-Image-2025-08-26-at-15.46.54-2-2000x1500.jpeg",2000,1500,true],"inspiro-loop":["https:\/\/lamagiedudesert.com\/wp-content\/uploads\/2025\/08\/WhatsApp-Image-2025-08-26-at-15.46.54-2-950x320.jpeg",950,320,true],"inspiro-loop@2x":["https:\/\/lamagiedudesert.com\/wp-content\/uploads\/2025\/08\/WhatsApp-Image-2025-08-26-at-15.46.54-2-1900x640.jpeg",1900,640,true],"portfolio_item-thumbnail":["https:\/\/lamagiedudesert.com\/wp-content\/uploads\/2025\/08\/WhatsApp-Image-2025-08-26-at-15.46.54-2-600x400.jpeg",600,400,true],"portfolio_item-thumbnail@2x":["https:\/\/lamagiedudesert.com\/wp-content\/uploads\/2025\/08\/WhatsApp-Image-2025-08-26-at-15.46.54-2-1200x800.jpeg",1200,800,true],"portfolio_item-masonry":["https:\/\/lamagiedudesert.com\/wp-content\/uploads\/2025\/08\/WhatsApp-Image-2025-08-26-at-15.46.54-2-scaled-600x450.jpeg",600,450,true],"portfolio_item-masonry@2x":["https:\/\/lamagiedudesert.com\/wp-content\/uploads\/2025\/08\/WhatsApp-Image-2025-08-26-at-15.46.54-2-scaled-1200x900.jpeg",1200,900,true],"portfolio_item-thumbnail_cinema":["https:\/\/lamagiedudesert.com\/wp-content\/uploads\/2025\/08\/WhatsApp-Image-2025-08-26-at-15.46.54-2-scaled-800x335.jpeg",800,335,true],"portfolio_item-thumbnail_portrait":["https:\/\/lamagiedudesert.com\/wp-content\/uploads\/2025\/08\/WhatsApp-Image-2025-08-26-at-15.46.54-2-scaled-600x900.jpeg",600,900,true],"portfolio_item-thumbnail_portrait@2x":["https:\/\/lamagiedudesert.com\/wp-content\/uploads\/2025\/08\/WhatsApp-Image-2025-08-26-at-15.46.54-2-scaled-1200x1800.jpeg",1200,1800,true],"portfolio_item-thumbnail_square":["https:\/\/lamagiedudesert.com\/wp-content\/uploads\/2025\/08\/WhatsApp-Image-2025-08-26-at-15.46.54-2-scaled-800x800.jpeg",800,800,true]},"_links":{"self":[{"href":"https:\/\/lamagiedudesert.com\/index.php\/wp-json\/wp\/v2\/pages\/302","targetHints":{"allow":["GET"]}}],"collection":[{"href":"https:\/\/lamagiedudesert.com\/index.php\/wp-json\/wp\/v2\/pages"}],"about":[{"href":"https:\/\/lamagiedudesert.com\/index.php\/wp-json\/wp\/v2\/types\/page"}],"author":[{"embeddable":true,"href":"https:\/\/lamagiedudesert.com\/index.php\/wp-json\/wp\/v2\/users\/1"}],"replies":[{"embeddable":true,"href":"https:\/\/lamagiedudesert.com\/index.php\/wp-json\/wp\/v2\/comments?post=302"}],"version-history":[{"count":47,"href":"https:\/\/lamagiedudesert.com\/index.php\/wp-json\/wp\/v2\/pages\/302\/revisions"}],"predecessor-version":[{"id":537,"href":"https:\/\/lamagiedudesert.com\/index.php\/wp-json\/wp\/v2\/pages\/302\/revisions\/537"}],"wp:featuredmedia":[{"embeddable":true,"href":"https:\/\/lamagiedudesert.com\/index.php\/wp-json\/wp\/v2\/media\/428"}],"wp:attachment":[{"href":"https:\/\/lamagiedudesert.com\/index.php\/wp-json\/wp\/v2\/media?parent=302"}],"curies":[{"name":"wp","href":"https:\/\/api.w.org\/{rel}","templated":true}]}}