{"id":299,"date":"2025-08-28T14:23:37","date_gmt":"2025-08-28T14:23:37","guid":{"rendered":"http:\/\/lamagiedudesert.com\/?page_id=299"},"modified":"2025-09-04T20:09:51","modified_gmt":"2025-09-04T20:09:51","slug":"materiel-a-emporter","status":"publish","type":"page","link":"https:\/\/lamagiedudesert.com\/index.php\/materiel-a-emporter\/","title":{"rendered":"Mat\u00e9riel \u00e0 emporter"},"content":{"rendered":"\n<p class=\"has-text-align-center has-tertiary-color has-text-color has-link-color wp-elements-0bcde980545d8214a5ecf2eb4f67d3d4\">Avant de partir \u00e0 l\u2019aventure, une question revient toujours : que mettre dans son sac ? La r\u00e9ponse est simple : tr\u00e8s peu. Dans le d\u00e9sert, c\u2019est la l\u00e9g\u00e8ret\u00e9 qui ouvre la voie. Voici une check-list pour vous guider, afin de n\u2019emporter que l\u2019essentiel. Le reste, vous le trouverez en marchant : le silence, la beaut\u00e9 et la magie des instants.<\/p>\n\n\n\n<div class=\"wp-block-columns is-layout-flex wp-container-core-columns-is-layout-28f84493 wp-block-columns-is-layout-flex\">\n<div class=\"wp-block-column is-layout-flow wp-block-column-is-layout-flow\">\n<ul style=\"border-radius:100px;background-color:#feb600;margin-top:0;margin-right:0;margin-bottom:0;margin-left:0\" class=\"wp-block-list has-background\">\n<li class=\"has-medium-font-size\"><strong>Sacs<\/strong> :\n<ul class=\"wp-block-list\">\n<li>Petit sac \u00e0 dos (20-25L) \n<ul class=\"wp-block-list\">\n<li class=\"has-small-font-size\"><em>~pour gourde, mouchoirs<\/em>, cr\u00e8me solaire~<\/li>\n<\/ul>\n<\/li>\n\n\n\n<li>Sac de voyage souple (70L) \n<ul class=\"wp-block-list\">\n<li class=\"has-small-font-size\"><em>~pour vos affaires, transport\u00e9 par les dromadaires<\/em>~<\/li>\n<\/ul>\n<\/li>\n<\/ul>\n<\/li>\n<\/ul>\n<\/div>\n\n\n\n<div class=\"wp-block-column has-medium-font-size is-layout-flow wp-container-core-column-is-layout-c7b3064f wp-block-column-is-layout-flow\">\n<figure class=\"wp-block-image size-large has-custom-border is-style-rounded\" style=\"margin-top:0;margin-right:var(--wp--preset--spacing--large);margin-bottom:0;margin-left:var(--wp--preset--spacing--large)\"><img loading=\"lazy\" decoding=\"async\" width=\"1024\" height=\"680\" src=\"http:\/\/lamagiedudesert.com\/wp-content\/uploads\/2025\/08\/WhatsApp-Image-2025-08-27-at-14.51.36-1024x680.jpeg\" alt=\"\" class=\"wp-image-463\" style=\"border-width:2px;border-radius:0px;aspect-ratio:3\/2;object-fit:cover\" srcset=\"https:\/\/lamagiedudesert.com\/wp-content\/uploads\/2025\/08\/WhatsApp-Image-2025-08-27-at-14.51.36-1024x680.jpeg 1024w, https:\/\/lamagiedudesert.com\/wp-content\/uploads\/2025\/08\/WhatsApp-Image-2025-08-27-at-14.51.36-300x199.jpeg 300w, https:\/\/lamagiedudesert.com\/wp-content\/uploads\/2025\/08\/WhatsApp-Image-2025-08-27-at-14.51.36.jpeg 1300w\" sizes=\"auto, (max-width: 1024px) 100vw, 1024px\" \/><\/figure>\n<\/div>\n<\/div>\n\n\n\n<div class=\"wp-block-columns is-layout-flex wp-container-core-columns-is-layout-28f84493 wp-block-columns-is-layout-flex\">\n<div class=\"wp-block-column is-layout-flow wp-block-column-is-layout-flow\">\n<ul style=\"border-radius:100px;background-color:#ffab36\" class=\"wp-block-list has-background\">\n<li class=\"has-medium-font-size\"><strong>Couchage<\/strong> :\n<ul class=\"wp-block-list\">\n<li>Sac de couchage\n<ul class=\"wp-block-list\">\n<li class=\"has-small-font-size\">~<em>possible d\u2019en louer un pour 25 euros<\/em>~<\/li>\n\n\n\n<li class=\"has-small-font-size\"><em>~matelas de 5 cm en mousse pr\u00e9vu sur place<\/em>~<\/li>\n<\/ul>\n<\/li>\n\n\n\n<li>Pyjama (+polaire selon la saison)<\/li>\n<\/ul>\n<\/li>\n<\/ul>\n<\/div>\n\n\n\n<div class=\"wp-block-column is-layout-flow wp-block-column-is-layout-flow\">\n<ul style=\"border-radius:100px;background-color:#f29f05\" class=\"wp-block-list has-background\">\n<li class=\"has-medium-font-size\"><strong>Chaussures<\/strong> :\n<ul class=\"wp-block-list\">\n<li>Sandale de marche + chaussettes\n<ul class=\"wp-block-list\">\n<li class=\"has-small-font-size\"><em>~pour marcher dans le sable<\/em>~<\/li>\n\n\n\n<li class=\"has-small-font-size\"><em>~tong fortement d\u00e9conseill\u00e9~<\/em><\/li>\n<\/ul>\n<\/li>\n\n\n\n<li class=\"has-medium-font-size\">Baskets ou chaussures de marche basse\n<ul class=\"wp-block-list\">\n<li class=\"has-small-font-size\" style=\"margin-right:0;margin-left:0\"><em>~si pas de sandale pour le sable<\/em>~<\/li>\n<\/ul>\n<\/li>\n<\/ul>\n<\/li>\n<\/ul>\n<\/div>\n<\/div>\n\n\n\n<div class=\"wp-block-columns is-layout-flex wp-container-core-columns-is-layout-28f84493 wp-block-columns-is-layout-flex\">\n<div class=\"wp-block-column is-layout-flow wp-block-column-is-layout-flow\">\n<ul style=\"border-radius:100px;background-color:#f3b224\" class=\"wp-block-list has-background\">\n<li class=\"has-medium-font-size\"><strong>V\u00eatements pour la marche :<\/strong>\n<ul class=\"wp-block-list\">\n<li>Chemises ou tee-shirts<\/li>\n\n\n\n<li>Pantalon&nbsp;l\u00e9ger ample\n<ul class=\"wp-block-list\">\n<li class=\"has-small-font-size\"><em>~et\/ou djellaba~<\/em><\/li>\n<\/ul>\n<\/li>\n\n\n\n<li>Sous-v\u00eatements cotons<\/li>\n<\/ul>\n<\/li>\n<\/ul>\n<\/div>\n\n\n\n<div class=\"wp-block-column is-layout-flow wp-block-column-is-layout-flow\">\n<ul style=\"border-radius:100px;background-color:#fda73f\" class=\"wp-block-list has-background\">\n<li class=\"has-medium-font-size\"><strong>V\u00eatements pour la soir\u00e9e :<\/strong> <em>~selon la saison<\/em>~\n<ul class=\"wp-block-list\">\n<li>Sweat \/ polaire \/ doudoune<\/li>\n\n\n\n<li>Veste imperm\u00e9able &#8211; coupe vent<\/li>\n\n\n\n<li>Chaussettes chaudes<\/li>\n\n\n\n<li>Bonnet<\/li>\n<\/ul>\n<\/li>\n<\/ul>\n<\/div>\n<\/div>\n\n\n\n<div class=\"wp-block-columns is-layout-flex wp-container-core-columns-is-layout-28f84493 wp-block-columns-is-layout-flex\">\n<div class=\"wp-block-column is-layout-flow wp-block-column-is-layout-flow\">\n<ul style=\"border-radius:100px;background-color:#fbb400ab\" class=\"wp-block-list has-background\">\n<li class=\"has-medium-font-size\"><strong>Trousse de toilette :<\/strong>\n<ul class=\"wp-block-list\">\n<li>Brosse \u00e0 dents<\/li>\n\n\n\n<li>Dentifrice (biod\u00e9gradable)<\/li>\n\n\n\n<li>Gant de toilette ou lingette<\/li>\n\n\n\n<li>Sac poubelle (petit format)<\/li>\n\n\n\n<li>Pince \u00e0 \u00e9piler<\/li>\n\n\n\n<li>Savon (biod\u00e9gradable)<\/li>\n\n\n\n<li>Shampoing bio<\/li>\n\n\n\n<li>Cr\u00e8me hydratante<\/li>\n\n\n\n<li>Baume \u00e0 l\u00e8vres<\/li>\n\n\n\n<li>Mouchoirs<\/li>\n\n\n\n<li>Tampons\/serviettes hygi\u00e9niques\/cup\n<ul class=\"wp-block-list\">\n<li class=\"has-small-font-size\"><em>(Culottes de r\u00e8gles non adapt\u00e9es)<\/em><\/li>\n<\/ul>\n<\/li>\n\n\n\n<li>Boules qui\u00e8s<\/li>\n\n\n\n<li>Cache yeux<\/li>\n<\/ul>\n<\/li>\n<\/ul>\n<\/div>\n\n\n\n<div class=\"wp-block-column is-layout-flow wp-block-column-is-layout-flow\">\n<ul style=\"border-radius:100px;background-color:#fec700\" class=\"wp-block-list has-background\">\n<li class=\"has-medium-font-size\"><strong>Pharmacie :<\/strong>\n<ul class=\"wp-block-list\">\n<li class=\"has-medium-font-size\">Pansements\n<ul class=\"wp-block-list\">\n<li class=\"has-small-font-size\">diff\u00e9rentes tailles<\/li>\n<\/ul>\n<\/li>\n\n\n\n<li>Pansements hydro-collo\u00efdes\n<ul class=\"wp-block-list\">\n<li class=\"has-small-font-size\">Ampoules<\/li>\n<\/ul>\n<\/li>\n\n\n\n<li>Strips<\/li>\n\n\n\n<li>Bande<\/li>\n\n\n\n<li>D\u00e9sinfectant<\/li>\n\n\n\n<li>Antalgiques<\/li>\n\n\n\n<li>Anti-diarrh\u00e9iques<\/li>\n\n\n\n<li>Laxatifs doux<\/li>\n\n\n\n<li>Traitement contre le mal des transports<\/li>\n\n\n\n<li>Anti-inflammatoires<\/li>\n\n\n\n<li>Cr\u00e8me solaire (indice maximum)<\/li>\n\n\n\n<li>Sparadrap \/ciseaux<\/li>\n\n\n\n<li>S\u00e9rum physiologique <\/li>\n<\/ul>\n<\/li>\n<\/ul>\n<\/div>\n<\/div>\n\n\n\n<div class=\"wp-block-columns is-layout-flex wp-container-core-columns-is-layout-28f84493 wp-block-columns-is-layout-flex\">\n<div class=\"wp-block-column is-layout-flow wp-block-column-is-layout-flow\">\n<div class=\"wp-block-columns is-layout-flex wp-container-core-columns-is-layout-28f84493 wp-block-columns-is-layout-flex\">\n<div class=\"wp-block-column is-layout-flow wp-block-column-is-layout-flow\">\n<ul style=\"border-radius:100px;background-color:#ffb700cf\" class=\"wp-block-list has-background\">\n<li class=\"has-medium-font-size\"><strong>Divers :<\/strong>\n<ul class=\"wp-block-list\">\n<li class=\"has-medium-font-size\">Lunettes de soleil<\/li>\n\n\n\n<li class=\"has-medium-font-size\">Papier toilette<\/li>\n\n\n\n<li class=\"has-medium-font-size\">Lampe frontale<\/li>\n\n\n\n<li class=\"has-medium-font-size\">Gourde<\/li>\n\n\n\n<li class=\"has-medium-font-size\">Ch\u00e8che \n<ul class=\"wp-block-list\">\n<li class=\"has-small-font-size\"><em>~possible de l\u2019acheter sur place pour 10 euros~<\/em><br><br><\/li>\n<\/ul>\n<\/li>\n<\/ul>\n<\/li>\n<\/ul>\n<\/div>\n\n\n\n<div class=\"wp-block-column is-layout-flow wp-block-column-is-layout-flow\">\n<figure class=\"wp-block-image size-large\" style=\"margin-right:0;margin-left:0\"><img loading=\"lazy\" decoding=\"async\" width=\"1024\" height=\"768\" src=\"http:\/\/lamagiedudesert.com\/wp-content\/uploads\/2025\/08\/IMG_1376-1024x768.png\" alt=\"\" class=\"wp-image-438\" srcset=\"https:\/\/lamagiedudesert.com\/wp-content\/uploads\/2025\/08\/IMG_1376-1024x768.png 1024w, https:\/\/lamagiedudesert.com\/wp-content\/uploads\/2025\/08\/IMG_1376-300x225.png 300w, https:\/\/lamagiedudesert.com\/wp-content\/uploads\/2025\/08\/IMG_1376-2000x1500.png 2000w\" sizes=\"auto, (max-width: 1024px) 100vw, 1024px\" \/><\/figure>\n<\/div>\n<\/div>\n<\/div>\n<\/div>\n\n\n\n<div class=\"wp-block-columns is-layout-flex wp-container-core-columns-is-layout-28f84493 wp-block-columns-is-layout-flex\">\n<div class=\"wp-block-column is-layout-flow wp-block-column-is-layout-flow\">\n<div class=\"wp-block-buttons is-content-justification-center is-layout-flex wp-container-core-buttons-is-layout-a89b3969 wp-block-buttons-is-layout-flex\" style=\"border-radius:0px\">\n<div class=\"wp-block-button has-custom-width wp-block-button__width-75 is-style-outline is-style-outline--1\"><a class=\"wp-block-button__link has-text-color has-link-color has-large-font-size has-custom-font-size wp-element-button\" href=\"http:\/\/lamagiedudesert.com\/index.php\/contact-2\/\" style=\"border-width:3px;color:#ff6200;padding-top:var(--wp--preset--spacing--x-small);padding-right:var(--wp--preset--spacing--small);padding-bottom:var(--wp--preset--spacing--x-small);padding-left:var(--wp--preset--spacing--small)\">Une pr\u00e9cision ? Contactez-nous<\/a><\/div>\n<\/div>\n<\/div>\n<\/div>\n\n\n\n<p><\/p>\n","protected":false},"excerpt":{"rendered":"<p>Avant de partir \u00e0 l\u2019aventure, une question revient toujours : que mettre dans son sac ? La r\u00e9ponse est simple : tr\u00e8s peu. Dans le d\u00e9sert, c\u2019est la l\u00e9g\u00e8ret\u00e9 qui ouvre la voie. Voici une check-list pour vous guider, afin de n\u2019emporter que l\u2019essentiel. Le reste, vous le trouverez en marchant : le silence, la &hellip; <\/p>\n<p class=\"link-more\"><a href=\"https:\/\/lamagiedudesert.com\/index.php\/materiel-a-emporter\/\" class=\"more-link\">Lire la suite de<span class=\"screen-reader-text\">\u00ab\u00a0Mat\u00e9riel \u00e0 emporter\u00a0\u00bb<\/span><\/a><\/p>\n","protected":false},"author":1,"featured_media":431,"parent":0,"menu_order":0,"comment_status":"closed","ping_status":"closed","template":"","meta":{"footnotes":""},"class_list":["post-299","page","type-page","status-publish","has-post-thumbnail","hentry"],"featured_media_urls":{"thumbnail":["https:\/\/lamagiedudesert.com\/wp-content\/uploads\/2025\/08\/WhatsApp-Image-2025-08-28-at-12.10.02-2-150x150.jpeg",150,150,true],"medium":["https:\/\/lamagiedudesert.com\/wp-content\/uploads\/2025\/08\/WhatsApp-Image-2025-08-28-at-12.10.02-2-300x169.jpeg",300,169,true],"medium_large":["https:\/\/lamagiedudesert.com\/wp-content\/uploads\/2025\/08\/WhatsApp-Image-2025-08-28-at-12.10.02-2.jpeg",768,432,false],"large":["https:\/\/lamagiedudesert.com\/wp-content\/uploads\/2025\/08\/WhatsApp-Image-2025-08-28-at-12.10.02-2-1024x576.jpeg",950,534,true],"1536x1536":["https:\/\/lamagiedudesert.com\/wp-content\/uploads\/2025\/08\/WhatsApp-Image-2025-08-28-at-12.10.02-2-1536x864.jpeg",1536,864,true],"2048x2048":["https:\/\/lamagiedudesert.com\/wp-content\/uploads\/2025\/08\/WhatsApp-Image-2025-08-28-at-12.10.02-2.jpeg",2016,1134,false],"inspiro-featured-image":["https:\/\/lamagiedudesert.com\/wp-content\/uploads\/2025\/08\/WhatsApp-Image-2025-08-28-at-12.10.02-2-2000x1125.jpeg",2000,1125,true],"inspiro-loop":["https:\/\/lamagiedudesert.com\/wp-content\/uploads\/2025\/08\/WhatsApp-Image-2025-08-28-at-12.10.02-2-950x320.jpeg",950,320,true],"inspiro-loop@2x":["https:\/\/lamagiedudesert.com\/wp-content\/uploads\/2025\/08\/WhatsApp-Image-2025-08-28-at-12.10.02-2-1900x640.jpeg",1900,640,true],"portfolio_item-thumbnail":["https:\/\/lamagiedudesert.com\/wp-content\/uploads\/2025\/08\/WhatsApp-Image-2025-08-28-at-12.10.02-2-600x400.jpeg",600,400,true],"portfolio_item-thumbnail@2x":["https:\/\/lamagiedudesert.com\/wp-content\/uploads\/2025\/08\/WhatsApp-Image-2025-08-28-at-12.10.02-2-1200x800.jpeg",1200,800,true],"portfolio_item-masonry":["https:\/\/lamagiedudesert.com\/wp-content\/uploads\/2025\/08\/WhatsApp-Image-2025-08-28-at-12.10.02-2-600x338.jpeg",600,338,true],"portfolio_item-masonry@2x":["https:\/\/lamagiedudesert.com\/wp-content\/uploads\/2025\/08\/WhatsApp-Image-2025-08-28-at-12.10.02-2-1200x675.jpeg",1200,675,true],"portfolio_item-thumbnail_cinema":["https:\/\/lamagiedudesert.com\/wp-content\/uploads\/2025\/08\/WhatsApp-Image-2025-08-28-at-12.10.02-2-800x335.jpeg",800,335,true],"portfolio_item-thumbnail_portrait":["https:\/\/lamagiedudesert.com\/wp-content\/uploads\/2025\/08\/WhatsApp-Image-2025-08-28-at-12.10.02-2-600x900.jpeg",600,900,true],"portfolio_item-thumbnail_portrait@2x":["https:\/\/lamagiedudesert.com\/wp-content\/uploads\/2025\/08\/WhatsApp-Image-2025-08-28-at-12.10.02-2-1200x1134.jpeg",1200,1134,true],"portfolio_item-thumbnail_square":["https:\/\/lamagiedudesert.com\/wp-content\/uploads\/2025\/08\/WhatsApp-Image-2025-08-28-at-12.10.02-2-800x800.jpeg",800,800,true]},"_links":{"self":[{"href":"https:\/\/lamagiedudesert.com\/index.php\/wp-json\/wp\/v2\/pages\/299","targetHints":{"allow":["GET"]}}],"collection":[{"href":"https:\/\/lamagiedudesert.com\/index.php\/wp-json\/wp\/v2\/pages"}],"about":[{"href":"https:\/\/lamagiedudesert.com\/index.php\/wp-json\/wp\/v2\/types\/page"}],"author":[{"embeddable":true,"href":"https:\/\/lamagiedudesert.com\/index.php\/wp-json\/wp\/v2\/users\/1"}],"replies":[{"embeddable":true,"href":"https:\/\/lamagiedudesert.com\/index.php\/wp-json\/wp\/v2\/comments?post=299"}],"version-history":[{"count":34,"href":"https:\/\/lamagiedudesert.com\/index.php\/wp-json\/wp\/v2\/pages\/299\/revisions"}],"predecessor-version":[{"id":724,"href":"https:\/\/lamagiedudesert.com\/index.php\/wp-json\/wp\/v2\/pages\/299\/revisions\/724"}],"wp:featuredmedia":[{"embeddable":true,"href":"https:\/\/lamagiedudesert.com\/index.php\/wp-json\/wp\/v2\/media\/431"}],"wp:attachment":[{"href":"https:\/\/lamagiedudesert.com\/index.php\/wp-json\/wp\/v2\/media?parent=299"}],"curies":[{"name":"wp","href":"https:\/\/api.w.org\/{rel}","templated":true}]}}