{"id":295,"date":"2025-08-28T14:20:14","date_gmt":"2025-08-28T14:20:14","guid":{"rendered":"http:\/\/lamagiedudesert.com\/?page_id=295"},"modified":"2025-09-07T09:48:47","modified_gmt":"2025-09-07T09:48:47","slug":"journee-type","status":"publish","type":"page","link":"https:\/\/lamagiedudesert.com\/index.php\/journee-type\/","title":{"rendered":"Une journ\u00e9e avec nous"},"content":{"rendered":"\n<div class=\"wp-block-columns is-layout-flex wp-container-core-columns-is-layout-28f84493 wp-block-columns-is-layout-flex\">\n<div class=\"wp-block-column is-layout-flow wp-block-column-is-layout-flow\">\n<figure class=\"wp-block-image size-large is-style-rounded\"><img loading=\"lazy\" decoding=\"async\" width=\"768\" height=\"1024\" src=\"http:\/\/lamagiedudesert.com\/wp-content\/uploads\/2025\/08\/WhatsApp-Image-2025-08-29-at-14.09.58-3-768x1024.jpeg\" alt=\"\" class=\"wp-image-361\" style=\"aspect-ratio:4\/3;object-fit:cover\" srcset=\"https:\/\/lamagiedudesert.com\/wp-content\/uploads\/2025\/08\/WhatsApp-Image-2025-08-29-at-14.09.58-3-768x1024.jpeg 768w, https:\/\/lamagiedudesert.com\/wp-content\/uploads\/2025\/08\/WhatsApp-Image-2025-08-29-at-14.09.58-3-225x300.jpeg 225w, https:\/\/lamagiedudesert.com\/wp-content\/uploads\/2025\/08\/WhatsApp-Image-2025-08-29-at-14.09.58-3.jpeg 1200w\" sizes=\"auto, (max-width: 768px) 100vw, 768px\" \/><\/figure>\n<\/div>\n\n\n\n<div class=\"wp-block-column is-layout-flow wp-block-column-is-layout-flow\">\n<p><\/p>\n\n\n\n<h2 class=\"wp-block-heading has-text-align-center\"><strong>D\u00e9part vers 8-9h en fonction de la chaleur<\/strong><\/h2>\n\n\n\n<p class=\"has-text-align-center\">Nous nous r\u00e9veillons aux premi\u00e8res lueurs de l\u2019aube, berc\u00e9s par le souffle du vent entre les dunes, et le cr\u00e9pitement du feu encore ardent dans la fra\u00eecheur du matin.<\/p>\n<\/div>\n<\/div>\n\n\n\n<div class=\"wp-block-columns is-layout-flex wp-container-core-columns-is-layout-28f84493 wp-block-columns-is-layout-flex\">\n<div class=\"wp-block-column is-layout-flow wp-block-column-is-layout-flow\">\n<p><\/p>\n\n\n\n<p><\/p>\n\n\n\n<h2 class=\"wp-block-heading has-text-align-center\">Nam Nam<\/h2>\n\n\n\n<p class=\"has-text-align-center\">La journ\u00e9e commence par un petit d\u00e9jeuner simple et chaleureux, partag\u00e9 sur le sable dor\u00e9, sous un soleil doux qui s\u2019\u00e9tire lentement.<\/p>\n<\/div>\n\n\n\n<div class=\"wp-block-column is-layout-flow wp-block-column-is-layout-flow\">\n<figure class=\"wp-block-image size-large is-style-rounded\"><img loading=\"lazy\" decoding=\"async\" width=\"768\" height=\"1024\" src=\"http:\/\/lamagiedudesert.com\/wp-content\/uploads\/2025\/08\/WhatsApp-Image-2025-08-29-at-13.58.14-1-768x1024.jpeg\" alt=\"\" class=\"wp-image-351\" style=\"aspect-ratio:4\/3;object-fit:cover\" srcset=\"https:\/\/lamagiedudesert.com\/wp-content\/uploads\/2025\/08\/WhatsApp-Image-2025-08-29-at-13.58.14-1-768x1024.jpeg 768w, https:\/\/lamagiedudesert.com\/wp-content\/uploads\/2025\/08\/WhatsApp-Image-2025-08-29-at-13.58.14-1-225x300.jpeg 225w, https:\/\/lamagiedudesert.com\/wp-content\/uploads\/2025\/08\/WhatsApp-Image-2025-08-29-at-13.58.14-1.jpeg 1200w\" sizes=\"auto, (max-width: 768px) 100vw, 768px\" \/><\/figure>\n<\/div>\n<\/div>\n\n\n\n<div class=\"wp-block-columns is-layout-flex wp-container-core-columns-is-layout-28f84493 wp-block-columns-is-layout-flex\">\n<div class=\"wp-block-column is-layout-flow wp-block-column-is-layout-flow\"><\/div>\n\n\n\n<div class=\"wp-block-column is-layout-flow wp-block-column-is-layout-flow\"><\/div>\n<\/div>\n\n\n\n<div class=\"wp-block-columns is-layout-flex wp-container-core-columns-is-layout-28f84493 wp-block-columns-is-layout-flex\">\n<div class=\"wp-block-column is-layout-flow wp-block-column-is-layout-flow\">\n<figure class=\"wp-block-image size-large is-style-rounded\"><img loading=\"lazy\" decoding=\"async\" width=\"1024\" height=\"683\" src=\"http:\/\/lamagiedudesert.com\/wp-content\/uploads\/2025\/08\/WhatsApp-Image-2025-08-27-at-14.52.15-1-1024x683.jpeg\" alt=\"\" class=\"wp-image-355\" srcset=\"https:\/\/lamagiedudesert.com\/wp-content\/uploads\/2025\/08\/WhatsApp-Image-2025-08-27-at-14.52.15-1-1024x683.jpeg 1024w, https:\/\/lamagiedudesert.com\/wp-content\/uploads\/2025\/08\/WhatsApp-Image-2025-08-27-at-14.52.15-1-300x200.jpeg 300w, https:\/\/lamagiedudesert.com\/wp-content\/uploads\/2025\/08\/WhatsApp-Image-2025-08-27-at-14.52.15-1-600x400.jpeg 600w, https:\/\/lamagiedudesert.com\/wp-content\/uploads\/2025\/08\/WhatsApp-Image-2025-08-27-at-14.52.15-1.jpeg 1050w\" sizes=\"auto, (max-width: 1024px) 100vw, 1024px\" \/><\/figure>\n<\/div>\n\n\n\n<div class=\"wp-block-column is-layout-flow wp-block-column-is-layout-flow\">\n<h2 class=\"wp-block-heading\">Moyenne de 4h de marche par jour<\/h2>\n\n\n\n<p class=\"has-text-align-center\">Puis, nous partons en silence ou en chantant.<br>Nos pas suivent le rythme du c\u0153ur, laissant derri\u00e8re nous le bruit, les pens\u00e9es lourdes, et tout ce dont on n\u2019a plus besoin dans l\u2019immensit\u00e9 du d\u00e9sert.<\/p>\n\n\n\n<p class=\"has-text-align-center\"><\/p>\n<\/div>\n<\/div>\n\n\n\n<div class=\"wp-block-columns is-layout-flex wp-container-core-columns-is-layout-28f84493 wp-block-columns-is-layout-flex\">\n<div class=\"wp-block-column is-layout-flow wp-block-column-is-layout-flow\">\n<p><\/p>\n\n\n\n<p><\/p>\n\n\n\n<h2 class=\"wp-block-heading has-text-align-center\">\u00c0 mi-chemin : petite pause (eau fra\u00eeche dattes, fruits secs)<\/h2>\n\n\n\n<p class=\"has-text-align-center\">Toujours un peu d\u2019ombre pour la pause.<\/p>\n<\/div>\n\n\n\n<div class=\"wp-block-column is-layout-flow wp-block-column-is-layout-flow\">\n<figure class=\"wp-block-image size-large is-style-rounded\"><img loading=\"lazy\" decoding=\"async\" width=\"768\" height=\"1024\" src=\"http:\/\/lamagiedudesert.com\/wp-content\/uploads\/2025\/08\/WhatsApp-Image-2025-08-29-at-14.04.22-768x1024.jpeg\" alt=\"\" class=\"wp-image-358\" style=\"aspect-ratio:4\/3;object-fit:cover\" srcset=\"https:\/\/lamagiedudesert.com\/wp-content\/uploads\/2025\/08\/WhatsApp-Image-2025-08-29-at-14.04.22-768x1024.jpeg 768w, https:\/\/lamagiedudesert.com\/wp-content\/uploads\/2025\/08\/WhatsApp-Image-2025-08-29-at-14.04.22-225x300.jpeg 225w, https:\/\/lamagiedudesert.com\/wp-content\/uploads\/2025\/08\/WhatsApp-Image-2025-08-29-at-14.04.22.jpeg 1200w\" sizes=\"auto, (max-width: 768px) 100vw, 768px\" \/><\/figure>\n<\/div>\n<\/div>\n\n\n\n<div class=\"wp-block-columns is-layout-flex wp-container-core-columns-is-layout-28f84493 wp-block-columns-is-layout-flex\">\n<div class=\"wp-block-column is-layout-flow wp-block-column-is-layout-flow\">\n<div class=\"wp-block-columns is-layout-flex wp-container-core-columns-is-layout-28f84493 wp-block-columns-is-layout-flex\">\n<div class=\"wp-block-column is-layout-flow wp-block-column-is-layout-flow\"><\/div>\n\n\n\n<div class=\"wp-block-column is-layout-flow wp-block-column-is-layout-flow\"><\/div>\n<\/div>\n<\/div>\n\n\n\n<div class=\"wp-block-column is-layout-flow wp-block-column-is-layout-flow\"><\/div>\n<\/div>\n\n\n\n<div class=\"wp-block-columns is-layout-flex wp-container-core-columns-is-layout-28f84493 wp-block-columns-is-layout-flex\">\n<div class=\"wp-block-column is-layout-flow wp-block-column-is-layout-flow\">\n<figure class=\"wp-block-image size-large is-style-rounded\"><img loading=\"lazy\" decoding=\"async\" width=\"1024\" height=\"768\" src=\"http:\/\/lamagiedudesert.com\/wp-content\/uploads\/2025\/08\/WhatsApp-Image-2025-08-29-at-14.04.42-1024x768.jpeg\" alt=\"\" class=\"wp-image-359\" srcset=\"https:\/\/lamagiedudesert.com\/wp-content\/uploads\/2025\/08\/WhatsApp-Image-2025-08-29-at-14.04.42-1024x768.jpeg 1024w, https:\/\/lamagiedudesert.com\/wp-content\/uploads\/2025\/08\/WhatsApp-Image-2025-08-29-at-14.04.42-300x225.jpeg 300w, https:\/\/lamagiedudesert.com\/wp-content\/uploads\/2025\/08\/WhatsApp-Image-2025-08-29-at-14.04.42.jpeg 1600w\" sizes=\"auto, (max-width: 1024px) 100vw, 1024px\" \/><\/figure>\n<\/div>\n\n\n\n<div class=\"wp-block-column is-layout-flow wp-block-column-is-layout-flow\">\n<p><\/p>\n\n\n\n<p class=\"has-text-align-center\">Nous marchons entre les dunes, envelopp\u00e9s par la nature, observant les couleurs changer sous la lumi\u00e8re du jour, contemplant l\u2019horizon infini.<br>Le sable dor\u00e9 se m\u00eale parfois au vert tendre des plantes, comme un secret que la terre nous murmure.<\/p>\n\n\n\n<div class=\"wp-block-columns is-layout-flex wp-container-core-columns-is-layout-28f84493 wp-block-columns-is-layout-flex\">\n<div class=\"wp-block-column is-layout-flow wp-block-column-is-layout-flow\"><\/div>\n\n\n\n<div class=\"wp-block-column is-layout-flow wp-block-column-is-layout-flow\"><\/div>\n<\/div>\n<\/div>\n<\/div>\n\n\n\n<div class=\"wp-block-columns is-layout-flex wp-container-core-columns-is-layout-28f84493 wp-block-columns-is-layout-flex\">\n<div class=\"wp-block-column is-layout-flow wp-block-column-is-layout-flow\">\n<p><\/p>\n\n\n\n<h2 class=\"wp-block-heading has-text-align-center\">Environ vers 13h\u2026<\/h2>\n\n\n\n<p class=\"has-text-align-center\">Apr\u00e8s quelques heures de marche paisible, nous atteignons le lieu du campement.<br>Nous nous reposons, savourons un th\u00e9 chaud, quelques fruits secs, et laissons nos corps se d\u00e9tendre \u00e0 l\u2019ombre d\u2019une tente traditionnelle.<\/p>\n<\/div>\n\n\n\n<div class=\"wp-block-column is-layout-flow wp-block-column-is-layout-flow\">\n<figure class=\"wp-block-image size-full is-style-rounded\"><img loading=\"lazy\" decoding=\"async\" width=\"720\" height=\"405\" src=\"http:\/\/lamagiedudesert.com\/wp-content\/uploads\/2025\/08\/WhatsApp-Image-2025-08-27-at-19.31.05-2.jpeg\" alt=\"\" class=\"wp-image-364\" srcset=\"https:\/\/lamagiedudesert.com\/wp-content\/uploads\/2025\/08\/WhatsApp-Image-2025-08-27-at-19.31.05-2.jpeg 720w, https:\/\/lamagiedudesert.com\/wp-content\/uploads\/2025\/08\/WhatsApp-Image-2025-08-27-at-19.31.05-2-300x169.jpeg 300w\" sizes=\"auto, (max-width: 720px) 100vw, 720px\" \/><\/figure>\n<\/div>\n<\/div>\n\n\n\n<div class=\"wp-block-columns is-layout-flex wp-container-core-columns-is-layout-28f84493 wp-block-columns-is-layout-flex\">\n<div class=\"wp-block-column is-layout-flow wp-block-column-is-layout-flow\">\n<figure class=\"wp-block-image size-large is-style-rounded\"><img loading=\"lazy\" decoding=\"async\" width=\"1024\" height=\"768\" src=\"http:\/\/lamagiedudesert.com\/wp-content\/uploads\/2025\/08\/WhatsApp-Image-2025-08-29-at-14.09.58-2-1024x768.jpeg\" alt=\"\" class=\"wp-image-368\" srcset=\"https:\/\/lamagiedudesert.com\/wp-content\/uploads\/2025\/08\/WhatsApp-Image-2025-08-29-at-14.09.58-2-1024x768.jpeg 1024w, https:\/\/lamagiedudesert.com\/wp-content\/uploads\/2025\/08\/WhatsApp-Image-2025-08-29-at-14.09.58-2-300x225.jpeg 300w, https:\/\/lamagiedudesert.com\/wp-content\/uploads\/2025\/08\/WhatsApp-Image-2025-08-29-at-14.09.58-2.jpeg 2000w\" sizes=\"auto, (max-width: 1024px) 100vw, 1024px\" \/><\/figure>\n<\/div>\n\n\n\n<div class=\"wp-block-column is-layout-flow wp-block-column-is-layout-flow\">\n<p><\/p>\n\n\n\n<p><\/p>\n\n\n\n<h2 class=\"wp-block-heading has-text-align-center\">Toujours apr\u00e8s le rituel du th\u00e9<\/h2>\n\n\n\n<p class=\"has-text-align-center\">Puis vient le d\u00e9jeuner \u2013 un repas savoureux, inspir\u00e9 de la cuisine nomade, pr\u00e9par\u00e9 avec soin et g\u00e9n\u00e9rosit\u00e9.<\/p>\n<\/div>\n<\/div>\n\n\n\n<div class=\"wp-block-columns is-layout-flex wp-container-core-columns-is-layout-28f84493 wp-block-columns-is-layout-flex\">\n<div class=\"wp-block-column is-layout-flow wp-block-column-is-layout-flow\">\n<p><\/p>\n\n\n\n<h2 class=\"wp-block-heading has-text-align-center\">Temps libre<\/h2>\n\n\n\n<p class=\"has-text-align-center\">L\u2019apr\u00e8s-midi est un moment de calme : lecture, \u00e9criture, ou simplement \u00e9coute du silence\u2026<br>Peut-\u00eatre une s\u00e9ance de yoga, une conversation profonde, ou un \u00e9clat de rire autour du feu renaissant.<\/p>\n<\/div>\n\n\n\n<div class=\"wp-block-column is-layout-flow wp-block-column-is-layout-flow\">\n<div class=\"wp-block-columns is-layout-flex wp-container-core-columns-is-layout-28f84493 wp-block-columns-is-layout-flex\">\n<div class=\"wp-block-column is-layout-flow wp-block-column-is-layout-flow\">\n<figure class=\"wp-block-image size-large is-style-rounded\"><img loading=\"lazy\" decoding=\"async\" width=\"768\" height=\"1024\" src=\"http:\/\/lamagiedudesert.com\/wp-content\/uploads\/2025\/08\/WhatsApp-Image-2025-08-26-at-15.46.54-3-768x1024.jpeg\" alt=\"\" class=\"wp-image-372\" style=\"aspect-ratio:4\/3;object-fit:cover\" srcset=\"https:\/\/lamagiedudesert.com\/wp-content\/uploads\/2025\/08\/WhatsApp-Image-2025-08-26-at-15.46.54-3-768x1024.jpeg 768w, https:\/\/lamagiedudesert.com\/wp-content\/uploads\/2025\/08\/WhatsApp-Image-2025-08-26-at-15.46.54-3-225x300.jpeg 225w, https:\/\/lamagiedudesert.com\/wp-content\/uploads\/2025\/08\/WhatsApp-Image-2025-08-26-at-15.46.54-3.jpeg 1200w\" sizes=\"auto, (max-width: 768px) 100vw, 768px\" \/><\/figure>\n<\/div>\n<\/div>\n<\/div>\n<\/div>\n\n\n\n<div class=\"wp-block-columns is-layout-flex wp-container-core-columns-is-layout-28f84493 wp-block-columns-is-layout-flex\">\n<div class=\"wp-block-column is-layout-flow wp-block-column-is-layout-flow\">\n<figure class=\"wp-block-image size-large is-style-rounded\"><img loading=\"lazy\" decoding=\"async\" width=\"1024\" height=\"768\" src=\"http:\/\/lamagiedudesert.com\/wp-content\/uploads\/2025\/08\/WhatsApp-Image-2025-08-28-at-12.51.19-1024x768.jpeg\" alt=\"\" class=\"wp-image-380\" srcset=\"https:\/\/lamagiedudesert.com\/wp-content\/uploads\/2025\/08\/WhatsApp-Image-2025-08-28-at-12.51.19-1024x768.jpeg 1024w, https:\/\/lamagiedudesert.com\/wp-content\/uploads\/2025\/08\/WhatsApp-Image-2025-08-28-at-12.51.19-300x225.jpeg 300w, https:\/\/lamagiedudesert.com\/wp-content\/uploads\/2025\/08\/WhatsApp-Image-2025-08-28-at-12.51.19.jpeg 2000w\" sizes=\"auto, (max-width: 1024px) 100vw, 1024px\" \/><\/figure>\n<\/div>\n\n\n\n<div class=\"wp-block-column is-layout-flow wp-block-column-is-layout-flow\">\n<p><\/p>\n\n\n\n<h2 class=\"wp-block-heading has-text-align-center\">Rendez-vous au meilleur point de vue pour le couch\u00e9 du soleil<\/h2>\n\n\n\n<p class=\"has-text-align-center\">Et lorsque le soleil se couche, la magie commence\u2026<br>Les \u00e9toiles s\u2019allument une \u00e0 une, et le ciel devient un livre ouvert.<\/p>\n<\/div>\n<\/div>\n\n\n\n<div class=\"wp-block-columns is-layout-flex wp-container-core-columns-is-layout-28f84493 wp-block-columns-is-layout-flex\">\n<div class=\"wp-block-column is-layout-flow wp-block-column-is-layout-flow\">\n<p><\/p>\n\n\n\n<p><\/p>\n\n\n\n<h2 class=\"wp-block-heading has-text-align-center\">Repas &#8211; Th\u00e9 &#8211; Veill\u00e9<\/h2>\n\n\n\n<p class=\"has-text-align-center\">Nous d\u00eenons ensemble autour d\u2019un feu doux, \u00e9coutant les histoires des nomades, chantant, ou laissant simplement la nuit nous parler \u00e0 sa fa\u00e7on.<\/p>\n<\/div>\n\n\n\n<div class=\"wp-block-column is-layout-flow wp-block-column-is-layout-flow\">\n<figure class=\"wp-block-image size-large is-style-rounded\"><img loading=\"lazy\" decoding=\"async\" width=\"1024\" height=\"768\" src=\"http:\/\/lamagiedudesert.com\/wp-content\/uploads\/2025\/08\/WhatsApp-Image-2025-08-27-at-16.54.39-1-1024x768.jpeg\" alt=\"\" class=\"wp-image-382\" srcset=\"https:\/\/lamagiedudesert.com\/wp-content\/uploads\/2025\/08\/WhatsApp-Image-2025-08-27-at-16.54.39-1-1024x768.jpeg 1024w, https:\/\/lamagiedudesert.com\/wp-content\/uploads\/2025\/08\/WhatsApp-Image-2025-08-27-at-16.54.39-1-300x225.jpeg 300w, https:\/\/lamagiedudesert.com\/wp-content\/uploads\/2025\/08\/WhatsApp-Image-2025-08-27-at-16.54.39-1-2000x1500.jpeg 2000w\" sizes=\"auto, (max-width: 1024px) 100vw, 1024px\" \/><\/figure>\n<\/div>\n<\/div>\n\n\n\n<div class=\"wp-block-columns is-layout-flex wp-container-core-columns-is-layout-28f84493 wp-block-columns-is-layout-flex\">\n<div class=\"wp-block-column is-layout-flow wp-block-column-is-layout-flow\">\n<figure class=\"wp-block-image size-large is-style-rounded\"><img loading=\"lazy\" decoding=\"async\" width=\"1024\" height=\"768\" src=\"http:\/\/lamagiedudesert.com\/wp-content\/uploads\/2025\/08\/WhatsApp-Image-2025-08-29-at-14.30.55-1024x768.jpeg\" alt=\"\" class=\"wp-image-387\" srcset=\"https:\/\/lamagiedudesert.com\/wp-content\/uploads\/2025\/08\/WhatsApp-Image-2025-08-29-at-14.30.55-1024x768.jpeg 1024w, https:\/\/lamagiedudesert.com\/wp-content\/uploads\/2025\/08\/WhatsApp-Image-2025-08-29-at-14.30.55-300x225.jpeg 300w, https:\/\/lamagiedudesert.com\/wp-content\/uploads\/2025\/08\/WhatsApp-Image-2025-08-29-at-14.30.55-2000x1500.jpeg 2000w\" sizes=\"auto, (max-width: 1024px) 100vw, 1024px\" \/><\/figure>\n<\/div>\n\n\n\n<div class=\"wp-block-column is-layout-flow wp-block-column-is-layout-flow\">\n<p><\/p>\n\n\n\n<h2 class=\"wp-block-heading has-text-align-center\">Au choix : sous la tente, au coin du feu ou dans les dunes<\/h2>\n\n\n\n<p class=\"has-text-align-center\">Puis vient le sommeil\u2026<br>Sous ce ciel infini constell\u00e9 de lumi\u00e8re, nous nous sentons faire partie de quelque chose de plus grand, plus profond, et infiniment plus beau que tout ce que nous connaissions.<\/p>\n<\/div>\n<\/div>\n\n\n\n<div class=\"wp-block-columns is-layout-flex wp-container-core-columns-is-layout-28f84493 wp-block-columns-is-layout-flex\">\n<div class=\"wp-block-column is-layout-flow wp-block-column-is-layout-flow\"><\/div>\n\n\n\n<div class=\"wp-block-column is-layout-flow wp-block-column-is-layout-flow\">\n<figure class=\"wp-block-image size-large\"><img loading=\"lazy\" decoding=\"async\" width=\"1024\" height=\"768\" src=\"http:\/\/lamagiedudesert.com\/wp-content\/uploads\/2025\/08\/IMG_1352-4-1024x768.png\" alt=\"\" class=\"wp-image-402\" srcset=\"https:\/\/lamagiedudesert.com\/wp-content\/uploads\/2025\/08\/IMG_1352-4-1024x768.png 1024w, https:\/\/lamagiedudesert.com\/wp-content\/uploads\/2025\/08\/IMG_1352-4-300x225.png 300w, https:\/\/lamagiedudesert.com\/wp-content\/uploads\/2025\/08\/IMG_1352-4-2000x1500.png 2000w\" sizes=\"auto, (max-width: 1024px) 100vw, 1024px\" \/><\/figure>\n<\/div>\n<\/div>\n","protected":false},"excerpt":{"rendered":"<p>D\u00e9part vers 8-9h en fonction de la chaleur Nous nous r\u00e9veillons aux premi\u00e8res lueurs de l\u2019aube, berc\u00e9s par le souffle du vent entre les dunes, et le cr\u00e9pitement du feu encore ardent dans la fra\u00eecheur du matin. Nam Nam La journ\u00e9e commence par un petit d\u00e9jeuner simple et chaleureux, partag\u00e9 sur le sable dor\u00e9, sous &hellip; <\/p>\n<p class=\"link-more\"><a href=\"https:\/\/lamagiedudesert.com\/index.php\/journee-type\/\" class=\"more-link\">Lire la suite de<span class=\"screen-reader-text\">\u00ab\u00a0Une journ\u00e9e avec nous\u00a0\u00bb<\/span><\/a><\/p>\n","protected":false},"author":1,"featured_media":462,"parent":0,"menu_order":0,"comment_status":"closed","ping_status":"closed","template":"","meta":{"footnotes":""},"class_list":["post-295","page","type-page","status-publish","has-post-thumbnail","hentry"],"featured_media_urls":{"thumbnail":["https:\/\/lamagiedudesert.com\/wp-content\/uploads\/2025\/08\/WhatsApp-Image-2025-08-29-at-14.09.58-1-150x150.jpeg",150,150,true],"medium":["https:\/\/lamagiedudesert.com\/wp-content\/uploads\/2025\/08\/WhatsApp-Image-2025-08-29-at-14.09.58-1-300x225.jpeg",300,225,true],"medium_large":["https:\/\/lamagiedudesert.com\/wp-content\/uploads\/2025\/08\/WhatsApp-Image-2025-08-29-at-14.09.58-1.jpeg",768,576,false],"large":["https:\/\/lamagiedudesert.com\/wp-content\/uploads\/2025\/08\/WhatsApp-Image-2025-08-29-at-14.09.58-1-1024x768.jpeg",950,713,true],"1536x1536":["https:\/\/lamagiedudesert.com\/wp-content\/uploads\/2025\/08\/WhatsApp-Image-2025-08-29-at-14.09.58-1-1536x1152.jpeg",1536,1152,true],"2048x2048":["https:\/\/lamagiedudesert.com\/wp-content\/uploads\/2025\/08\/WhatsApp-Image-2025-08-29-at-14.09.58-1.jpeg",2000,1500,false],"inspiro-featured-image":["https:\/\/lamagiedudesert.com\/wp-content\/uploads\/2025\/08\/WhatsApp-Image-2025-08-29-at-14.09.58-1.jpeg",2000,1500,false],"inspiro-loop":["https:\/\/lamagiedudesert.com\/wp-content\/uploads\/2025\/08\/WhatsApp-Image-2025-08-29-at-14.09.58-1-950x320.jpeg",950,320,true],"inspiro-loop@2x":["https:\/\/lamagiedudesert.com\/wp-content\/uploads\/2025\/08\/WhatsApp-Image-2025-08-29-at-14.09.58-1-1900x640.jpeg",1900,640,true],"portfolio_item-thumbnail":["https:\/\/lamagiedudesert.com\/wp-content\/uploads\/2025\/08\/WhatsApp-Image-2025-08-29-at-14.09.58-1-600x400.jpeg",600,400,true],"portfolio_item-thumbnail@2x":["https:\/\/lamagiedudesert.com\/wp-content\/uploads\/2025\/08\/WhatsApp-Image-2025-08-29-at-14.09.58-1-1200x800.jpeg",1200,800,true],"portfolio_item-masonry":["https:\/\/lamagiedudesert.com\/wp-content\/uploads\/2025\/08\/WhatsApp-Image-2025-08-29-at-14.09.58-1-600x450.jpeg",600,450,true],"portfolio_item-masonry@2x":["https:\/\/lamagiedudesert.com\/wp-content\/uploads\/2025\/08\/WhatsApp-Image-2025-08-29-at-14.09.58-1-1200x900.jpeg",1200,900,true],"portfolio_item-thumbnail_cinema":["https:\/\/lamagiedudesert.com\/wp-content\/uploads\/2025\/08\/WhatsApp-Image-2025-08-29-at-14.09.58-1-800x335.jpeg",800,335,true],"portfolio_item-thumbnail_portrait":["https:\/\/lamagiedudesert.com\/wp-content\/uploads\/2025\/08\/WhatsApp-Image-2025-08-29-at-14.09.58-1-600x900.jpeg",600,900,true],"portfolio_item-thumbnail_portrait@2x":["https:\/\/lamagiedudesert.com\/wp-content\/uploads\/2025\/08\/WhatsApp-Image-2025-08-29-at-14.09.58-1-1200x1500.jpeg",1200,1500,true],"portfolio_item-thumbnail_square":["https:\/\/lamagiedudesert.com\/wp-content\/uploads\/2025\/08\/WhatsApp-Image-2025-08-29-at-14.09.58-1-800x800.jpeg",800,800,true]},"_links":{"self":[{"href":"https:\/\/lamagiedudesert.com\/index.php\/wp-json\/wp\/v2\/pages\/295","targetHints":{"allow":["GET"]}}],"collection":[{"href":"https:\/\/lamagiedudesert.com\/index.php\/wp-json\/wp\/v2\/pages"}],"about":[{"href":"https:\/\/lamagiedudesert.com\/index.php\/wp-json\/wp\/v2\/types\/page"}],"author":[{"embeddable":true,"href":"https:\/\/lamagiedudesert.com\/index.php\/wp-json\/wp\/v2\/users\/1"}],"replies":[{"embeddable":true,"href":"https:\/\/lamagiedudesert.com\/index.php\/wp-json\/wp\/v2\/comments?post=295"}],"version-history":[{"count":39,"href":"https:\/\/lamagiedudesert.com\/index.php\/wp-json\/wp\/v2\/pages\/295\/revisions"}],"predecessor-version":[{"id":775,"href":"https:\/\/lamagiedudesert.com\/index.php\/wp-json\/wp\/v2\/pages\/295\/revisions\/775"}],"wp:featuredmedia":[{"embeddable":true,"href":"https:\/\/lamagiedudesert.com\/index.php\/wp-json\/wp\/v2\/media\/462"}],"wp:attachment":[{"href":"https:\/\/lamagiedudesert.com\/index.php\/wp-json\/wp\/v2\/media?parent=295"}],"curies":[{"name":"wp","href":"https:\/\/api.w.org\/{rel}","templated":true}]}}