{"id":24,"date":"2025-08-26T14:09:37","date_gmt":"2025-08-26T14:09:37","guid":{"rendered":"http:\/\/lamagiedudesert.com\/?page_id=24"},"modified":"2025-09-04T20:06:43","modified_gmt":"2025-09-04T20:06:43","slug":"contact-2","status":"publish","type":"page","link":"https:\/\/lamagiedudesert.com\/index.php\/contact-2\/","title":{"rendered":"Contact"},"content":{"rendered":"\n<div class=\"wp-block-columns is-layout-flex wp-container-core-columns-is-layout-28f84493 wp-block-columns-is-layout-flex\">\n<div class=\"wp-block-column is-layout-flow wp-block-column-is-layout-flow\" style=\"flex-basis:100%\">\n<div class=\"wp-block-group has-global-padding is-layout-constrained wp-block-group-is-layout-constrained\">\n<div class=\"wp-block-columns are-vertically-aligned-top is-layout-flex wp-container-core-columns-is-layout-d7d455e7 wp-block-columns-is-layout-flex\" style=\"padding-top:0;padding-right:0;padding-bottom:0;padding-left:0\">\n<div class=\"wp-block-column is-vertically-aligned-top is-layout-flow wp-block-column-is-layout-flow\" style=\"padding-right:7%;flex-basis:50%\">\n<p class=\"has-text-color\" style=\"color:#0bb4aa\">Let&rsquo;s Conne<\/p>\n\n\n\n<h2 class=\"wp-block-heading has-large-font-size\">L\u2019appel du d\u00e9sert r\u00e9sonne en vous ?<\/h2>\n\n\n\n<p>Vous sentez <em>votre \u00e2me vibrer<\/em> en \u00e9voquant l\u2019id\u00e9e, c\u2019est que le moment est venu de nous \u00e9crire. Ensemble, nous pr\u00e9parerons votre voyage pour le rendre magique.<\/p>\n<\/div>\n<\/div>\n<\/div>\n<\/div>\n<\/div>\n\n\n\n<div class=\"wp-block-columns is-layout-flex wp-container-core-columns-is-layout-28f84493 wp-block-columns-is-layout-flex\">\n<div class=\"wp-block-column is-layout-flow wp-block-column-is-layout-flow\">\n<figure class=\"wp-block-image size-full is-style-rounded\"><img decoding=\"async\" src=\"http:\/\/lamagiedudesert.com\/wp-content\/uploads\/2025\/09\/WhatsApp-Video-2025-08-26-at-16.54.47.mp4\" alt=\"\" class=\"wp-image-715\" style=\"aspect-ratio:3\/2;object-fit:cover\"\/><\/figure>\n<\/div>\n\n\n\n<div class=\"wp-block-column is-layout-flow wp-block-column-is-layout-flow\">\n<figure class=\"wp-block-image size-full is-style-default wp-duotone-unset-1\" style=\"margin-top:0;margin-bottom:0\"><img loading=\"lazy\" decoding=\"async\" width=\"1004\" height=\"649\" src=\"http:\/\/lamagiedudesert.com\/wp-content\/uploads\/2025\/09\/Bianca-Cerri-1.png\" alt=\"\" class=\"wp-image-705\" srcset=\"https:\/\/lamagiedudesert.com\/wp-content\/uploads\/2025\/09\/Bianca-Cerri-1.png 1004w, https:\/\/lamagiedudesert.com\/wp-content\/uploads\/2025\/09\/Bianca-Cerri-1-300x194.png 300w\" sizes=\"auto, (max-width: 1004px) 100vw, 1004px\" \/><\/figure>\n<\/div>\n<\/div>\n\n\n\n<p><\/p>\n","protected":false},"excerpt":{"rendered":"<p>Let&rsquo;s Conne L\u2019appel du d\u00e9sert r\u00e9sonne en vous ? Vous sentez votre \u00e2me vibrer en \u00e9voquant l\u2019id\u00e9e, c\u2019est que le moment est venu de nous \u00e9crire. Ensemble, nous pr\u00e9parerons votre voyage pour le rendre magique.<\/p>\n","protected":false},"author":1,"featured_media":706,"parent":0,"menu_order":0,"comment_status":"closed","ping_status":"closed","template":"","meta":{"footnotes":""},"class_list":["post-24","page","type-page","status-publish","has-post-thumbnail","hentry"],"featured_media_urls":{"thumbnail":["https:\/\/lamagiedudesert.com\/wp-content\/uploads\/2025\/09\/WhatsApp-Image-2025-08-26-at-15.45.54-2-150x150.jpeg",150,150,true],"medium":["https:\/\/lamagiedudesert.com\/wp-content\/uploads\/2025\/09\/WhatsApp-Image-2025-08-26-at-15.45.54-2-225x300.jpeg",225,300,true],"medium_large":["https:\/\/lamagiedudesert.com\/wp-content\/uploads\/2025\/09\/WhatsApp-Image-2025-08-26-at-15.45.54-2.jpeg",768,1024,false],"large":["https:\/\/lamagiedudesert.com\/wp-content\/uploads\/2025\/09\/WhatsApp-Image-2025-08-26-at-15.45.54-2-768x1024.jpeg",768,1024,true],"1536x1536":["https:\/\/lamagiedudesert.com\/wp-content\/uploads\/2025\/09\/WhatsApp-Image-2025-08-26-at-15.45.54-2-1152x1536.jpeg",1152,1536,true],"2048x2048":["https:\/\/lamagiedudesert.com\/wp-content\/uploads\/2025\/09\/WhatsApp-Image-2025-08-26-at-15.45.54-2.jpeg",1500,2000,false],"inspiro-featured-image":["https:\/\/lamagiedudesert.com\/wp-content\/uploads\/2025\/09\/WhatsApp-Image-2025-08-26-at-15.45.54-2.jpeg",1500,2000,false],"inspiro-loop":["https:\/\/lamagiedudesert.com\/wp-content\/uploads\/2025\/09\/WhatsApp-Image-2025-08-26-at-15.45.54-2-950x320.jpeg",950,320,true],"inspiro-loop@2x":["https:\/\/lamagiedudesert.com\/wp-content\/uploads\/2025\/09\/WhatsApp-Image-2025-08-26-at-15.45.54-2-1500x640.jpeg",1500,640,true],"portfolio_item-thumbnail":["https:\/\/lamagiedudesert.com\/wp-content\/uploads\/2025\/09\/WhatsApp-Image-2025-08-26-at-15.45.54-2-600x400.jpeg",600,400,true],"portfolio_item-thumbnail@2x":["https:\/\/lamagiedudesert.com\/wp-content\/uploads\/2025\/09\/WhatsApp-Image-2025-08-26-at-15.45.54-2-1200x800.jpeg",1200,800,true],"portfolio_item-masonry":["https:\/\/lamagiedudesert.com\/wp-content\/uploads\/2025\/09\/WhatsApp-Image-2025-08-26-at-15.45.54-2-600x800.jpeg",600,800,true],"portfolio_item-masonry@2x":["https:\/\/lamagiedudesert.com\/wp-content\/uploads\/2025\/09\/WhatsApp-Image-2025-08-26-at-15.45.54-2-1200x1600.jpeg",1200,1600,true],"portfolio_item-thumbnail_cinema":["https:\/\/lamagiedudesert.com\/wp-content\/uploads\/2025\/09\/WhatsApp-Image-2025-08-26-at-15.45.54-2-800x335.jpeg",800,335,true],"portfolio_item-thumbnail_portrait":["https:\/\/lamagiedudesert.com\/wp-content\/uploads\/2025\/09\/WhatsApp-Image-2025-08-26-at-15.45.54-2-600x900.jpeg",600,900,true],"portfolio_item-thumbnail_portrait@2x":["https:\/\/lamagiedudesert.com\/wp-content\/uploads\/2025\/09\/WhatsApp-Image-2025-08-26-at-15.45.54-2-1200x1800.jpeg",1200,1800,true],"portfolio_item-thumbnail_square":["https:\/\/lamagiedudesert.com\/wp-content\/uploads\/2025\/09\/WhatsApp-Image-2025-08-26-at-15.45.54-2-800x800.jpeg",800,800,true]},"_links":{"self":[{"href":"https:\/\/lamagiedudesert.com\/index.php\/wp-json\/wp\/v2\/pages\/24","targetHints":{"allow":["GET"]}}],"collection":[{"href":"https:\/\/lamagiedudesert.com\/index.php\/wp-json\/wp\/v2\/pages"}],"about":[{"href":"https:\/\/lamagiedudesert.com\/index.php\/wp-json\/wp\/v2\/types\/page"}],"author":[{"embeddable":true,"href":"https:\/\/lamagiedudesert.com\/index.php\/wp-json\/wp\/v2\/users\/1"}],"replies":[{"embeddable":true,"href":"https:\/\/lamagiedudesert.com\/index.php\/wp-json\/wp\/v2\/comments?post=24"}],"version-history":[{"count":10,"href":"https:\/\/lamagiedudesert.com\/index.php\/wp-json\/wp\/v2\/pages\/24\/revisions"}],"predecessor-version":[{"id":717,"href":"https:\/\/lamagiedudesert.com\/index.php\/wp-json\/wp\/v2\/pages\/24\/revisions\/717"}],"wp:featuredmedia":[{"embeddable":true,"href":"https:\/\/lamagiedudesert.com\/index.php\/wp-json\/wp\/v2\/media\/706"}],"wp:attachment":[{"href":"https:\/\/lamagiedudesert.com\/index.php\/wp-json\/wp\/v2\/media?parent=24"}],"curies":[{"name":"wp","href":"https:\/\/api.w.org\/{rel}","templated":true}]}}